{"id":214,"date":"2025-02-26T14:16:39","date_gmt":"2025-02-26T14:16:39","guid":{"rendered":"https:\/\/staging-nw.nomadicwireless.com\/privacy-policy-2\/"},"modified":"2025-02-26T14:16:42","modified_gmt":"2025-02-26T14:16:42","slug":"privacy-policy-2","status":"publish","type":"page","link":"https:\/\/nomadicwireless.com\/pt\/privacy-policy-2\/","title":{"rendered":"Pol\u00edtica de privacidade"},"content":{"rendered":"<div data-elementor-type=\"wp-page\" data-elementor-id=\"214\" class=\"elementor elementor-214\" data-elementor-post-type=\"page\">\n\t\t\t\t<div class=\"elementor-element elementor-element-77a0037f e-flex e-con-boxed e-con e-parent\" data-id=\"77a0037f\" data-element_type=\"container\" data-e-type=\"container\">\n\t\t\t\t\t<div class=\"e-con-inner\">\n\t\t\t\t<div class=\"elementor-element elementor-element-2991adfe elementor-widget elementor-widget-heading\" data-id=\"2991adfe\" data-element_type=\"widget\" data-e-type=\"widget\" data-widget_type=\"heading.default\">\n\t\t\t\t<div class=\"elementor-widget-container\">\n\t\t\t\t\t<h2 class=\"elementor-heading-title elementor-size-default\">Pol\u00edtica de privacidade\n<\/h2>\t\t\t\t<\/div>\n\t\t\t\t<\/div>\n\t\t\t\t<div class=\"elementor-element elementor-element-59249d87 elementor-widget elementor-widget-text-editor\" data-id=\"59249d87\" data-element_type=\"widget\" data-e-type=\"widget\" data-widget_type=\"text-editor.default\">\n\t\t\t\t<div class=\"elementor-widget-container\">\n\t\t\t\t\t\t\t\t\t<p>Esta Pol\u00edtica de Privacidade descreve como coletamos, usamos e protegemos as informa\u00e7\u00f5es pessoais fornecidas por voc\u00ea ao usar nosso site.<\/p>\n<p><b>1. Informa\u00e7\u00f5es que coletamos <\/b>Podemos coletar os seguintes tipos de informa\u00e7\u00f5es pessoais do usu\u00e1rio:<\/p>\n<ul>\n<li><i>Informa\u00e7\u00f5es de identifica\u00e7\u00e3o pessoal:<\/i> Isso pode incluir seu nome e endere\u00e7o de e-mail quando voc\u00ea cria uma conta ou assina nosso boletim informativo.<\/li>\n<li style=\"font-weight: 400;\" aria-level=\"1\"><i>Informa\u00e7\u00f5es sobre o instrumento de pagamento:<\/i> Todas as transa\u00e7\u00f5es de pagamento s\u00e3o processadas por meio de um provedor de gateway e n\u00e3o s\u00e3o armazenadas ou processadas em nossos servidores.<\/li>\n<li style=\"font-weight: 400;\" aria-level=\"1\"><i>Informa\u00e7\u00f5es confidenciais:<\/i> N\u00e3o processamos informa\u00e7\u00f5es confidenciais. <b><\/b><\/li>\n<\/ul>\n<p><b>2. Quando coletamos suas informa\u00e7\u00f5es <\/b>Coletamos suas informa\u00e7\u00f5es quando voc\u00ea se registra em nosso site, faz um pedido, assina um boletim informativo, preenche um formul\u00e1rio ou insere informa\u00e7\u00f5es em nosso site. <b>3. Como usamos suas informa\u00e7\u00f5es <\/b>We may use your personal information for the following purposes:<\/p>\n<ul>\n<li>Para fornecer e manter nossos servi\u00e7os.<\/li>\n<li style=\"font-weight: 400;\" aria-level=\"1\">Para processar seus pedidos e pagamentos.<\/li>\n<li style=\"font-weight: 400;\" aria-level=\"1\">Para lhe enviar atualiza\u00e7\u00f5es, boletins informativos e comunica\u00e7\u00f5es de marketing.<\/li>\n<\/ul>\n<p><b>4. Divulga\u00e7\u00e3o de suas informa\u00e7\u00f5es <\/b>N\u00f3s nos reservamos o direito de divulgar suas informa\u00e7\u00f5es pessoais a terceiros nas seguintes circunst\u00e2ncias:<\/p>\n<ul>\n<li style=\"font-weight: 400;\" aria-level=\"1\">Com prestadores de servi\u00e7os que nos auxiliam na opera\u00e7\u00e3o do site, no processamento de pagamentos ou no marketing.<\/li>\n<li style=\"font-weight: 400;\" aria-level=\"1\">Em conformidade com as obriga\u00e7\u00f5es legais aplic\u00e1veis ou com o objetivo de proteger nossos direitos, privacidade, seguran\u00e7a ou ativos.<\/li>\n<\/ul>\n<p><b>5. Conformidade com o Regulamento Geral sobre a Prote\u00e7\u00e3o de Dados (GDPR) da Europa <\/b><\/p>\n<ul>\n<li>Direito de acesso. O usu\u00e1rio tem o direito de solicitar \u00e0 eTraveler c\u00f3pias de seus dados pessoais.<\/li>\n<li>The right to erasure. You have the right to request that eTraveler erase your personal data, under certain conditions.<\/li>\n<li>O direito de restringir o processamento. O usu\u00e1rio tem o direito de solicitar que a eTraveler restrinja o processamento de seus dados pessoais, sob certas condi\u00e7\u00f5es.<\/li>\n<li>O direito de se opor ao processamento. Voc\u00ea tem o direito de se opor ao processamento de seus dados pessoais pela eTraveler, sob certas condi\u00e7\u00f5es.<\/li>\n<li>If you would like to exercise any of these rights, please contact us via email.<\/li>\n<\/ul>\n<p><b>6. California Online Privacy Protection Act Compliance <\/b> A CalOPPA \u00e9 a primeira lei estadual do pa\u00eds a exigir que sites comerciais e servi\u00e7os on-line publiquem uma pol\u00edtica de privacidade. O alcance da lei vai muito al\u00e9m da Calif\u00f3rnia, exigindo que uma pessoa ou empresa nos Estados Unidos (e possivelmente no mundo) que opere sites que coletem informa\u00e7\u00f5es pessoalmente identific\u00e1veis de consumidores da Calif\u00f3rnia publique uma pol\u00edtica de privacidade vis\u00edvel em seu site, informando exatamente as informa\u00e7\u00f5es que est\u00e3o sendo coletadas e os indiv\u00edduos com os quais elas est\u00e3o sendo compartilhadas, e que cumpra essa pol\u00edtica. - Veja mais em: <a href=\"http:\/\/consumercal.org\/california-online-privacy-protection-act-caloppa\/#sthash.0FdRbT51.dpuf\" target=\"_blank\" rel=\"noopener\">http:\/\/consumercal.org\/california-online-privacy-protection-act-caloppa\/#sthash.0FdRbT51.dpuf<\/a> <i>According to CalOPPA we agree to the following:<\/i><\/p>\n<ul>\n<li>Os usu\u00e1rios podem visitar nosso site de forma an\u00f4nima.<\/li>\n<li>Os usu\u00e1rios ser\u00e3o notificados sobre quaisquer altera\u00e7\u00f5es na pol\u00edtica de privacidade em nossa p\u00e1gina de pol\u00edtica de privacidade.<\/li>\n<li>Users can change their personal information:\n<ul>\n<li>by emailing us;<\/li>\n<li>conversando com nossos representantes de atendimento ao cliente.<\/li>\n<\/ul>\n<\/li>\n<\/ul>\n<p>\u00a0<\/p>\n<p><b>7. Suas escolhas <\/b>Voc\u00ea pode optar por n\u00e3o receber nossas comunica\u00e7\u00f5es de marketing seguindo as instru\u00e7\u00f5es de cancelamento de inscri\u00e7\u00e3o em nossos e-mails. Voc\u00ea pode acessar e atualizar suas informa\u00e7\u00f5es pessoais fazendo login em sua conta.<\/p>\n<p><b>8. Seguran\u00e7a de dados <\/b>A eTraveler toma medidas razo\u00e1veis para proteger suas informa\u00e7\u00f5es pessoais contra acesso, divulga\u00e7\u00e3o ou altera\u00e7\u00e3o n\u00e3o autorizados. No entanto, apesar de nossas salvaguardas e esfor\u00e7os para proteger suas informa\u00e7\u00f5es, nenhuma transmiss\u00e3o eletr\u00f4nica pela Internet ou tecnologia de armazenamento de informa\u00e7\u00f5es pode ser garantida como 100% segura, portanto, n\u00e3o podemos prometer ou garantir que hackers, criminosos cibern\u00e9ticos ou outros terceiros n\u00e3o autorizados n\u00e3o consigam burlar nossa seguran\u00e7a e coletar, acessar, roubar ou modificar indevidamente suas informa\u00e7\u00f5es. Embora nos esforcemos para proteger suas informa\u00e7\u00f5es pessoais, a transi\u00e7\u00e3o de informa\u00e7\u00f5es pessoais de e para nossos Servi\u00e7os \u00e9 por sua conta e risco.\u00a0<\/p>\n<p><b>9. Cookies e tecnologias de rastreamento <\/b>Usamos cookies e tecnologias de rastreamento semelhantes para coletar dados sobre seu uso do nosso site. Voc\u00ea pode ajustar as configura\u00e7\u00f5es do seu navegador para recusar cookies.<\/p>\n<p><b>10. Privacidade das crian\u00e7as <\/b>Nosso site n\u00e3o se destina a pessoas com menos de 18 anos de idade. N\u00e3o coletamos intencionalmente informa\u00e7\u00f5es pessoais de crian\u00e7as com menos de 18 anos de idade. Ao usar nossos servi\u00e7os, voc\u00ea declara que tem pelo menos 18 anos de idade ou que \u00e9 pai ou respons\u00e1vel por essa crian\u00e7a ou menor. <b><\/b><\/p>\n<p><b>11. Altera\u00e7\u00f5es a esta Pol\u00edtica de Privacidade <\/b>Podemos atualizar esta Pol\u00edtica de Privacidade de tempos em tempos. Todas as altera\u00e7\u00f5es ser\u00e3o publicadas nesta p\u00e1gina. Se fizermos altera\u00e7\u00f5es substanciais neste aviso de privacidade, poderemos notific\u00e1-lo por meio da publica\u00e7\u00e3o em destaque de um aviso sobre essas altera\u00e7\u00f5es ou do envio direto de uma notifica\u00e7\u00e3o. Recomendamos que voc\u00ea reveja esta pol\u00edtica de privacidade com frequ\u00eancia para se manter informado sobre como estamos protegendo suas informa\u00e7\u00f5es.<\/p>\n<p><b>12. Entre em contato conosco <\/b>Se tiver alguma d\u00favida sobre esta Pol\u00edtica de Privacidade, entre em contato conosco por e-mail. \u00daltima modifica\u00e7\u00e3o: 22.09.2023<\/p>\t\t\t\t\t\t\t\t<\/div>\n\t\t\t\t<\/div>\n\t\t\t\t\t<\/div>\n\t\t\t\t<\/div>\n\t\t\t\t<\/div>","protected":false},"excerpt":{"rendered":"<p>Pol\u00edtica de Privacidade Esta Pol\u00edtica de Privacidade descreve como coletamos, usamos e protegemos as informa\u00e7\u00f5es pessoais fornecidas por voc\u00ea ao usar nosso site. 1. Informa\u00e7\u00f5es que coletamos Podemos coletar os seguintes tipos de informa\u00e7\u00f5es pessoais do usu\u00e1rio: Informa\u00e7\u00f5es de identifica\u00e7\u00e3o pessoal: Isso pode incluir seu nome e endere\u00e7o de e-mail quando voc\u00ea cria uma conta ou se inscreve [...]<\/p>","protected":false},"author":1,"featured_media":0,"parent":0,"menu_order":0,"comment_status":"closed","ping_status":"closed","template":"","meta":{"footnotes":""},"class_list":["post-214","page","type-page","status-publish","hentry"],"yoast_head":"<!-- This site is optimized with the Yoast SEO plugin v27.0 - https:\/\/yoast.com\/product\/yoast-seo-wordpress\/ -->\n<title>Privacy Policy - Nomadic Wireless | Stay Connected, Wherever You Wander!<\/title>\n<meta name=\"robots\" content=\"index, follow, max-snippet:-1, max-image-preview:large, max-video-preview:-1\" \/>\n<link rel=\"canonical\" href=\"https:\/\/nomadicwireless.com\/pt\/privacy-policy-2\/\" \/>\n<meta property=\"og:locale\" content=\"pt_BR\" \/>\n<meta property=\"og:type\" content=\"article\" \/>\n<meta property=\"og:title\" content=\"Privacy Policy - Nomadic Wireless | Stay Connected, Wherever You Wander!\" \/>\n<meta property=\"og:description\" content=\"Privacy Policy This Privacy Policy outlines how we collect, use, and protect the personal information provided by you when using our website. 1. Information We Collect We may collect the following types of personal information from you: Personal Identification Information: This may include your name and email address when you create an account or subscribe [&hellip;]\" \/>\n<meta property=\"og:url\" content=\"https:\/\/nomadicwireless.com\/pt\/privacy-policy-2\/\" \/>\n<meta property=\"og:site_name\" content=\"Nomadic Wireless | Stay Connected, Wherever You Wander!\" \/>\n<meta property=\"article:publisher\" content=\"https:\/\/facebook.com\/nomadicwireless\" \/>\n<meta property=\"article:modified_time\" content=\"2025-02-26T14:16:42+00:00\" \/>\n<meta property=\"og:image\" content=\"https:\/\/nomadicwireless.com\/wp-content\/uploads\/2025\/02\/Nomadic-Wireless-Logo.png\" \/>\n\t<meta property=\"og:image:width\" content=\"875\" \/>\n\t<meta property=\"og:image:height\" content=\"575\" \/>\n\t<meta property=\"og:image:type\" content=\"image\/png\" \/>\n<meta name=\"twitter:card\" content=\"summary_large_image\" \/>\n<meta name=\"twitter:site\" content=\"@nomadicwireless\" \/>\n<meta name=\"twitter:label1\" content=\"Est. tempo de leitura\" \/>\n\t<meta name=\"twitter:data1\" content=\"4 minutos\" \/>\n<script type=\"application\/ld+json\" class=\"yoast-schema-graph\">{\"@context\":\"https:\/\/schema.org\",\"@graph\":[{\"@type\":\"WebPage\",\"@id\":\"https:\/\/nomadicwireless.com\/privacy-policy-2\/\",\"url\":\"https:\/\/nomadicwireless.com\/privacy-policy-2\/\",\"name\":\"Privacy Policy - Nomadic Wireless | Stay Connected, Wherever You Wander!\",\"isPartOf\":{\"@id\":\"https:\/\/nomadicwireless.com\/#website\"},\"datePublished\":\"2025-02-26T14:16:39+00:00\",\"dateModified\":\"2025-02-26T14:16:42+00:00\",\"breadcrumb\":{\"@id\":\"https:\/\/nomadicwireless.com\/privacy-policy-2\/#breadcrumb\"},\"inLanguage\":\"pt-BR\",\"potentialAction\":[{\"@type\":\"ReadAction\",\"target\":[\"https:\/\/nomadicwireless.com\/privacy-policy-2\/\"]}]},{\"@type\":\"BreadcrumbList\",\"@id\":\"https:\/\/nomadicwireless.com\/privacy-policy-2\/#breadcrumb\",\"itemListElement\":[{\"@type\":\"ListItem\",\"position\":1,\"name\":\"Home\",\"item\":\"https:\/\/nomadicwireless.com\/\"},{\"@type\":\"ListItem\",\"position\":2,\"name\":\"Privacy Policy\"}]},{\"@type\":\"WebSite\",\"@id\":\"https:\/\/nomadicwireless.com\/#website\",\"url\":\"https:\/\/nomadicwireless.com\/\",\"name\":\"Nomadic Wireless | Stay Connected, Wherever You Wander!\",\"description\":\"Travel eSIMs for Seamless Global Connectivity\",\"publisher\":{\"@id\":\"https:\/\/nomadicwireless.com\/#organization\"},\"potentialAction\":[{\"@type\":\"SearchAction\",\"target\":{\"@type\":\"EntryPoint\",\"urlTemplate\":\"https:\/\/nomadicwireless.com\/?s={search_term_string}\"},\"query-input\":{\"@type\":\"PropertyValueSpecification\",\"valueRequired\":true,\"valueName\":\"search_term_string\"}}],\"inLanguage\":\"pt-BR\"},{\"@type\":\"Organization\",\"@id\":\"https:\/\/nomadicwireless.com\/#organization\",\"name\":\"Nomadic Wireless | Stay Connected, Wherever You Wander!\",\"url\":\"https:\/\/nomadicwireless.com\/\",\"logo\":{\"@type\":\"ImageObject\",\"inLanguage\":\"pt-BR\",\"@id\":\"https:\/\/nomadicwireless.com\/#\/schema\/logo\/image\/\",\"url\":\"https:\/\/nomadicwireless.com\/wp-content\/uploads\/2025\/01\/Nomadic-Wireless-Logo-horizontal-wp.png\",\"contentUrl\":\"https:\/\/nomadicwireless.com\/wp-content\/uploads\/2025\/01\/Nomadic-Wireless-Logo-horizontal-wp.png\",\"width\":251,\"height\":66,\"caption\":\"Nomadic Wireless | Stay Connected, Wherever You Wander!\"},\"image\":{\"@id\":\"https:\/\/nomadicwireless.com\/#\/schema\/logo\/image\/\"},\"sameAs\":[\"https:\/\/facebook.com\/nomadicwireless\",\"https:\/\/x.com\/nomadicwireless\",\"https:\/\/www.instagram.com\/nomadicwireless\",\"https:\/\/www.linkedin.com\/company\/nomadic-wireless\",\"https:\/\/tiktok.com\/@nomadicwireless\",\"https:\/\/threads.com\/@nomadicwireless\"]}]}<\/script>\n<!-- \/ Yoast SEO plugin. -->","yoast_head_json":{"title":"Privacy Policy - Nomadic Wireless | Stay Connected, Wherever You Wander!","robots":{"index":"index","follow":"follow","max-snippet":"max-snippet:-1","max-image-preview":"max-image-preview:large","max-video-preview":"max-video-preview:-1"},"canonical":"https:\/\/nomadicwireless.com\/pt\/privacy-policy-2\/","og_locale":"pt_BR","og_type":"article","og_title":"Privacy Policy - Nomadic Wireless | Stay Connected, Wherever You Wander!","og_description":"Privacy Policy This Privacy Policy outlines how we collect, use, and protect the personal information provided by you when using our website. 1. Information We Collect We may collect the following types of personal information from you: Personal Identification Information: This may include your name and email address when you create an account or subscribe [&hellip;]","og_url":"https:\/\/nomadicwireless.com\/pt\/privacy-policy-2\/","og_site_name":"Nomadic Wireless | Stay Connected, Wherever You Wander!","article_publisher":"https:\/\/facebook.com\/nomadicwireless","article_modified_time":"2025-02-26T14:16:42+00:00","og_image":[{"width":875,"height":575,"url":"https:\/\/nomadicwireless.com\/wp-content\/uploads\/2025\/02\/Nomadic-Wireless-Logo.png","type":"image\/png"}],"twitter_card":"summary_large_image","twitter_site":"@nomadicwireless","twitter_misc":{"Est. tempo de leitura":"4 minutos"},"schema":{"@context":"https:\/\/schema.org","@graph":[{"@type":"WebPage","@id":"https:\/\/nomadicwireless.com\/privacy-policy-2\/","url":"https:\/\/nomadicwireless.com\/privacy-policy-2\/","name":"Privacy Policy - Nomadic Wireless | Stay Connected, Wherever You Wander!","isPartOf":{"@id":"https:\/\/nomadicwireless.com\/#website"},"datePublished":"2025-02-26T14:16:39+00:00","dateModified":"2025-02-26T14:16:42+00:00","breadcrumb":{"@id":"https:\/\/nomadicwireless.com\/privacy-policy-2\/#breadcrumb"},"inLanguage":"pt-BR","potentialAction":[{"@type":"ReadAction","target":["https:\/\/nomadicwireless.com\/privacy-policy-2\/"]}]},{"@type":"BreadcrumbList","@id":"https:\/\/nomadicwireless.com\/privacy-policy-2\/#breadcrumb","itemListElement":[{"@type":"ListItem","position":1,"name":"Home","item":"https:\/\/nomadicwireless.com\/"},{"@type":"ListItem","position":2,"name":"Privacy Policy"}]},{"@type":"WebSite","@id":"https:\/\/nomadicwireless.com\/#website","url":"https:\/\/nomadicwireless.com\/","name":"Nomadic Wireless | Fique Conectado, Onde Quer Que Voc\u00ea Esteja!","description":"eSIMs de viagem para uma conectividade global perfeita","publisher":{"@id":"https:\/\/nomadicwireless.com\/#organization"},"potentialAction":[{"@type":"SearchAction","target":{"@type":"EntryPoint","urlTemplate":"https:\/\/nomadicwireless.com\/?s={search_term_string}"},"query-input":{"@type":"PropertyValueSpecification","valueRequired":true,"valueName":"search_term_string"}}],"inLanguage":"pt-BR"},{"@type":"Organization","@id":"https:\/\/nomadicwireless.com\/#organization","name":"Nomadic Wireless | Fique Conectado, Onde Quer Que Voc\u00ea Esteja!","url":"https:\/\/nomadicwireless.com\/","logo":{"@type":"ImageObject","inLanguage":"pt-BR","@id":"https:\/\/nomadicwireless.com\/#\/schema\/logo\/image\/","url":"https:\/\/nomadicwireless.com\/wp-content\/uploads\/2025\/01\/Nomadic-Wireless-Logo-horizontal-wp.png","contentUrl":"https:\/\/nomadicwireless.com\/wp-content\/uploads\/2025\/01\/Nomadic-Wireless-Logo-horizontal-wp.png","width":251,"height":66,"caption":"Nomadic Wireless | Stay Connected, Wherever You Wander!"},"image":{"@id":"https:\/\/nomadicwireless.com\/#\/schema\/logo\/image\/"},"sameAs":["https:\/\/facebook.com\/nomadicwireless","https:\/\/x.com\/nomadicwireless","https:\/\/www.instagram.com\/nomadicwireless","https:\/\/www.linkedin.com\/company\/nomadic-wireless","https:\/\/tiktok.com\/@nomadicwireless","https:\/\/threads.com\/@nomadicwireless"]}]}},"_links":{"self":[{"href":"https:\/\/nomadicwireless.com\/pt\/wp-json\/wp\/v2\/pages\/214","targetHints":{"allow":["GET"]}}],"collection":[{"href":"https:\/\/nomadicwireless.com\/pt\/wp-json\/wp\/v2\/pages"}],"about":[{"href":"https:\/\/nomadicwireless.com\/pt\/wp-json\/wp\/v2\/types\/page"}],"author":[{"embeddable":true,"href":"https:\/\/nomadicwireless.com\/pt\/wp-json\/wp\/v2\/users\/1"}],"replies":[{"embeddable":true,"href":"https:\/\/nomadicwireless.com\/pt\/wp-json\/wp\/v2\/comments?post=214"}],"version-history":[{"count":4,"href":"https:\/\/nomadicwireless.com\/pt\/wp-json\/wp\/v2\/pages\/214\/revisions"}],"predecessor-version":[{"id":247,"href":"https:\/\/nomadicwireless.com\/pt\/wp-json\/wp\/v2\/pages\/214\/revisions\/247"}],"wp:attachment":[{"href":"https:\/\/nomadicwireless.com\/pt\/wp-json\/wp\/v2\/media?parent=214"}],"curies":[{"name":"wp","href":"https:\/\/api.w.org\/{rel}","templated":true}]}}