{"id":211,"date":"2025-02-26T14:16:39","date_gmt":"2025-02-26T14:16:39","guid":{"rendered":"https:\/\/staging-nw.nomadicwireless.com\/terms-and-conditions-2\/"},"modified":"2025-02-26T14:16:42","modified_gmt":"2025-02-26T14:16:42","slug":"terms-and-conditions-2","status":"publish","type":"page","link":"https:\/\/nomadicwireless.com\/pt\/terms-and-conditions-2\/","title":{"rendered":"Termos e condi\u00e7\u00f5es"},"content":{"rendered":"<div data-elementor-type=\"wp-page\" data-elementor-id=\"211\" class=\"elementor elementor-211\" data-elementor-post-type=\"page\">\n\t\t\t\t<div class=\"elementor-element elementor-element-2374a4ad e-flex e-con-boxed e-con e-parent\" data-id=\"2374a4ad\" data-element_type=\"container\" data-e-type=\"container\">\n\t\t\t\t\t<div class=\"e-con-inner\">\n\t\t\t\t<div class=\"elementor-element elementor-element-191ac5b6 elementor-widget elementor-widget-heading\" data-id=\"191ac5b6\" data-element_type=\"widget\" data-e-type=\"widget\" data-widget_type=\"heading.default\">\n\t\t\t\t<div class=\"elementor-widget-container\">\n\t\t\t\t\t<h2 class=\"elementor-heading-title elementor-size-default\">Termos e condi\u00e7\u00f5es<\/h2>\t\t\t\t<\/div>\n\t\t\t\t<\/div>\n\t\t\t\t<div class=\"elementor-element elementor-element-76f76635 elementor-widget elementor-widget-text-editor\" data-id=\"76f76635\" data-element_type=\"widget\" data-e-type=\"widget\" data-widget_type=\"text-editor.default\">\n\t\t\t\t<div class=\"elementor-widget-container\">\n\t\t\t\t\t\t\t\t\t<p><b>1. VALIDADE DOS TERMOS E CONDI\u00c7\u00d5ES GERAIS<\/b><\/p><p><b>1.1. Termos<\/b><\/p><p>1.1.1. O site Etraveler-elementor \u00e9 gerenciado e operado pela esimba.ai, com os servi\u00e7os de conectividade sendo fornecidos pela mesma entidade.<\/p><p>1.1.2. Estes termos e condi\u00e7\u00f5es, que podem ser alterados periodicamente, aplicam-se a todos os servi\u00e7os prestados pela Etraveler-elementor em rela\u00e7\u00e3o ao fornecimento de perfis eSIM pr\u00e9-pagos aos Clientes.<br \/>Ao acessar, navegar e usar nosso site ou qualquer um de nossos aplicativos por meio de qualquer plataforma (doravante denominados coletivamente como o \u201csite\u201d) e\/ou ao concluir um pedido, voc\u00ea<br \/>reconhece e concorda ter lido, compreendido e concordado com os termos e condi\u00e7\u00f5es estabelecidos abaixo e com a declara\u00e7\u00e3o de privacidade.<\/p><p>1.1.3. Ofertas especiais por meio de v\u00e1rios parceiros comerciais podem incorporar termos e condi\u00e7\u00f5es adicionais ou variados. Em tais circunst\u00e2ncias, esses termos e condi\u00e7\u00f5es especiais prevalecer\u00e3o.<\/p><p><b>1.2. Registro e contas<\/b><\/p><p>1.2.1. O cliente pode ser solicitado a criar uma conta para usar os servi\u00e7os do Etraveler-elementor. O Cliente concorda em fornecer informa\u00e7\u00f5es precisas durante o registro.<\/p><p>1.2.2. Os clientes s\u00e3o respons\u00e1veis por manter a confidencialidade das informa\u00e7\u00f5es de suas contas e por todas as atividades que ocorrem em suas contas.<\/p><p><b>1.3. Privacidade<\/b><\/p><p>1.3.1. Nossa Pol\u00edtica de Privacidade rege a coleta e o uso das informa\u00e7\u00f5es pessoais do Cliente. Ao usar nossos servi\u00e7os, o Cliente concorda com nossa Pol\u00edtica de Privacidade.<\/p><p><b>1.4. Rescis\u00e3o e suspens\u00e3o<\/b><\/p><p>1.4.1. A Etraveler-elementor se reserva o direito de suspender ou encerrar o acesso aos servi\u00e7os sem aviso pr\u00e9vio a qualquer momento devido \u00e0 ocorr\u00eancia de um evento decorrente de colapso da rede ou interrup\u00e7\u00e3o de<br \/>provis\u00e3o de manuten\u00e7\u00e3o.<\/p><p>1.4.2. Ao usar os Servi\u00e7os fornecidos pela Etraveler-elementor, o Cliente n\u00e3o deve se envolver em nenhuma a\u00e7\u00e3o abusiva, ilegal ou fraudulenta ou tomar qualquer a\u00e7\u00e3o que possa prejudicar ou danificar a Rede. Quando<br \/>se o Cliente violar essa obriga\u00e7\u00e3o, a Etraveler-elementor poder\u00e1 suspender o uso do Servi\u00e7o pelo Cliente.<\/p><p>1.4.3. Todos os pacotes oferecidos pela Etraveler-elementor destinam-se exclusivamente ao uso por Clientes humanos. Esses pacotes n\u00e3o devem ser utilizados em nenhum sistema automatizado. Em situa\u00e7\u00f5es em que o uso dentro de<br \/>sistemas automatizados ou por entidades n\u00e3o humanas, o Cliente deve entrar em contato com o Suporte ao Cliente e solicitar pacotes especiais. Qualquer viola\u00e7\u00e3o dessa restri\u00e7\u00e3o de uso pode levar \u00e0<br \/>rescis\u00e3o do contrato.<\/p><p><b>1.5. Pol\u00edticas e diretrizes de reembolso e cancelamento<\/b><\/p><p>1.5.1. Os reembolsos est\u00e3o dispon\u00edveis para os clientes a qualquer momento. A maioria dos problemas pode ser resolvida por e-mail.<\/p><p>1.5.2. Depois que o reembolso for processado, poder\u00e1 levar de 5 a 10 dias \u00fateis para que o reembolso apare\u00e7a no extrato do cart\u00e3o de pagamento do Cliente (se o pagamento tiver sido feito com cart\u00e3o de cr\u00e9dito). Via PayPal, leva<br \/>v\u00e1rios minutos ap\u00f3s a emiss\u00e3o do reembolso. Os reembolsos s\u00e3o emitidos para o mesmo m\u00e9todo de pagamento (ou seja, cart\u00e3o de cr\u00e9dito ou PayPal) usado para fazer a compra.<\/p><p>1.5.3. Todos os reembolsos (exceto pagamentos criptogr\u00e1ficos) est\u00e3o sujeitos a uma taxa de 10% devido a encargos de cart\u00e3o de cr\u00e9dito e outros encargos do sistema de pagamento e recursos de processamento necess\u00e1rios para fornecer um produto e depois cancelar<br \/>e emitir um reembolso.<\/p><p>1.5.4. A Etraveler-elementor poder\u00e1 oferecer dados em um valor igual ao que o Cliente pagou por quaisquer compras acidentais.<\/p><p>1.5.5. As recargas n\u00e3o s\u00e3o reembols\u00e1veis.<\/p><p>1.5.6. A Etraveler-elementor se reserva o direito de encerrar os servi\u00e7os a qualquer momento. Nesses casos, nenhum reembolso ser\u00e1 fornecido.<\/p><p>1.5.7. Os pagamentos em criptografia n\u00e3o s\u00e3o reembols\u00e1veis.<\/p><p>1.5.8. Redes compat\u00edveis com pagamentos de criptografia: Ethereum, Tron, BNB Smart Chain, Avalanche C-Chain, Solana, Polygon, Arbitrum One.<\/p><p>1.5.9. Criptomoedas compat\u00edveis: \u2018USDT (TRC20)\u2019, \u2018BTC\u2019, \u2018DAI\u2019, \u2018AXS (ERC20)\u2019, \u2018DASH\u2019, \u2018DOGE\u2019, \u2018ETH\u2019, \u2018LTC\u2019, \u2018TUSD (ERC20)\u2019, \u2018USDC (ERC20)\u2019, \u2018USDT (ERC20)\u2019, \u2018XRP\u2019, \u2018TRX\u2019, \u2018AXS (TRC20)\u2019, \u2018HT<br \/>(TRC20)\u2019, \u2018ETH (TRC20)\u2019, \u2018ETH (BEP20)\u2019, \u2018DAI (BEP20)\u2019, \u2018USDT (BEP20)\u2019, \u2018DESU (BEP20)\u2019, \u2018ADA (BEP20)\u2019, \u2018USDC (BEP20)\u2019, \u2018BTCB (BEP20)\u2019, \u2018CSC\u2019. Observe que h\u00e1 um limite m\u00ednimo para o<br \/>pagamento para cada criptomoeda.<\/p><p><b>2. PROGRAMA DE AFILIADOS<\/b><\/p><p>2.1. Ao aderir ao Programa de Afiliados da Etraveler-elementor, o Parceiro Afiliado recomendar\u00e1 aos seus usu\u00e1rios os produtos eSIM da Etraveler-elementor por meio de seu link exclusivo de afiliado.<\/p><p>2.2. O link exclusivo de afiliado deve ser usado para rastrear as vendas e alocar as comiss\u00f5es de acordo.<\/p><p>2.3. O Parceiro Afiliado receber\u00e1 uma comiss\u00e3o sobre a receita l\u00edquida gerada pelas compras feitas por meio de seu link de afiliado. Os parceiros devem acumular um m\u00ednimo de US$ 25 em comiss\u00f5es<br \/>antes que o pagamento seja feito. Se o saldo da comiss\u00e3o for inferior a US$ 25, o valor ser\u00e1 transferido para o m\u00eas seguinte.<\/p><p>2.4. As comiss\u00f5es s\u00e3o pagas na primeira semana de cada m\u00eas por meio de transfer\u00eancia banc\u00e1ria, carteira criptografada, link de cart\u00e3o de cr\u00e9dito ou Paypal.<\/p><p>2.5. Os usu\u00e1rios que comprarem produtos eSIM ou recarregarem seus produtos eSIM receber\u00e3o um desconto no checkout.<\/p><p>2.6. A Etraveler-elementor se reserva o direito de modificar os termos e condi\u00e7\u00f5es do Programa de Afiliados a qualquer momento. Quaisquer modifica\u00e7\u00f5es ser\u00e3o comunicadas ao Parceiro Afiliado por escrito em<br \/>pelo menos cinco dias antes de sua implementa\u00e7\u00e3o.<\/p><p>2.7. A Etraveler-elementor se reserva o direito de encerrar a participa\u00e7\u00e3o do Parceiro Afiliado no Programa de Afiliados sob as seguintes condi\u00e7\u00f5es:<br \/>- Se o Parceiro Afiliado violar qualquer termo deste Contrato.<br \/>- Se o Parceiro Afiliado se envolver em qualquer atividade que seja prejudicial \u00e0 marca ou ao neg\u00f3cio da Etraveler-elementor.<\/p><p>2.8. Para come\u00e7ar a participar do Programa de Afiliados da Etraveler-elementor, o Parceiro Afiliado deve aceitar o convite para participar por meio do Portal do Afiliado.<\/p><p>2.9. O Parceiro Afiliado receber\u00e1 uma notifica\u00e7\u00e3o por e-mail da Etraveler-elementor quando da primeira compra de produto feita por meio de seu link de afiliado.<\/p><p>2.10. O Parceiro Afiliado pode acompanhar suas comiss\u00f5es a qualquer momento usando os relat\u00f3rios di\u00e1rios on-line fornecidos pelo Etraveler-elementor.<\/p><p>2.11. O Etraveler-elementor fornece acesso a uma API para uso do Parceiro Afiliado.<\/p><p>2.12. O Parceiro Afiliado concorda em utilizar as ferramentas e recursos fornecidos em conformidade com as diretrizes e pol\u00edticas da Etraveler-elementor. Uso indevido ou n\u00e3o autorizado da Barra de Ferramentas do Afiliado, relat\u00f3rios,<br \/>ou API pode resultar na rescis\u00e3o do contrato de afilia\u00e7\u00e3o.<\/p><p>2.13. A Etraveler-elementor fornecer\u00e1 o suporte t\u00e9cnico e a assist\u00eancia necess\u00e1rios para ajudar o Parceiro Afiliado a usar efetivamente a Barra de Ferramentas do Afiliado, acessar relat\u00f3rios e integrar a API.<\/p><p><b>3. PROGRAMA DE INDICA\u00c7\u00c3O<\/b><\/p><p>3.1. Ao participar do Programa de Indica\u00e7\u00e3o do Etraveler-elementor, o Parceiro (doravante denominado \u201cDefensor\u201d) pode ganhar dados gratuitos para cada pessoa que comprar seu primeiro produto Etraveler-elementor<br \/>usando o link de indica\u00e7\u00e3o exclusivo do Advocate.<\/p><p>3.2. O Advogado deve criar e compartilhar seu link de indica\u00e7\u00e3o exclusivo por e-mail, m\u00eddia social, f\u00f3runs ou outros canais. O link de indica\u00e7\u00e3o deve ser usado pelo amigo indicado para comprar<br \/>eSIM.<\/p><p>3.3. Recompensas para os defensores:<br \/>\u00a0\u00a0a. Cupom de dados gratuitos: O Defensor receber\u00e1 um cupom para 3 GB de dados gratuitos, v\u00e1lido por toda a vida*, aplic\u00e1vel \u00e0 sua linha eSIM.<br \/>\u00a0\u00a0b. Condi\u00e7\u00f5es: O pr\u00eamio de 3 GB de dados \u00e9 fornecido quando um amigo indicado usa o link de indica\u00e7\u00e3o para comprar o eSIM**.<br \/>\u00a0\u00a0c. Validade do cupom: O cupom de dados \u00e9 v\u00e1lido por toda a vida, desde que o eSIM seja recarregado pelo menos uma vez por ano.<\/p><p>3.4. Pr\u00eamios para amigos indicados:<br \/>\u00a0\u00a0a. Cupom de dados: O amigo indicado receber\u00e1 um cupom para 3 GB de dados gratuitos para seu eSIM.<br \/>\u00a0\u00a0b. Restri\u00e7\u00f5es do cupom: O cupom de indica\u00e7\u00e3o n\u00e3o pode ser combinado com nenhum outro cupom ou desconto. Apenas um cupom (de indica\u00e7\u00e3o ou de ativa\u00e7\u00e3o) pode ser aplicado a uma compra.<\/p><p>3.5. Condi\u00e7\u00f5es para o Pr\u00eamio por Indica\u00e7\u00e3o:<br \/>a. Compra m\u00ednima: O amigo indicado deve comprar uma nova linha com pelo menos 1 GB de dados usando o link de indica\u00e7\u00e3o.<br \/>b. Emiss\u00e3o do pr\u00eamio: A recompensa ser\u00e1 criada dentro de 6 horas ap\u00f3s uma compra bem-sucedida e enviada por e-mail dentro de 7 dias. O Defensor deve verificar sua caixa de entrada usando a palavra-chave \u201cEtraveler-elementor\u201d se<br \/>eles n\u00e3o recebem o e-mail de notifica\u00e7\u00e3o.<\/p><p>3.6. Para qualquer problema ou assist\u00eancia adicional, o Defensor e o amigo indicado podem entrar em contato com o suporte do Etraveler-elementor pelo e-mail support@Etraveler-elementor.me<\/p><p>3.7. O Defensor concorda em cumprir os termos e condi\u00e7\u00f5es do Programa de Indica\u00e7\u00e3o da Etraveler-elementor. O uso indevido ou a viola\u00e7\u00e3o desses termos poder\u00e1 resultar na desqualifica\u00e7\u00e3o do programa e na perda do direito de participar do programa.<br \/>perda de pr\u00eamios.<\/p><p>3.8. A Etraveler-elementor se reserva o direito de modificar os termos e condi\u00e7\u00f5es do Programa de Indica\u00e7\u00e3o a qualquer momento. Quaisquer modifica\u00e7\u00f5es ser\u00e3o comunicadas ao Advogado por escrito em um prazo m\u00ednimo de 5 dias<br \/>antes de sua implementa\u00e7\u00e3o.<\/p><p><b>4. ISEN\u00c7\u00c3O DE RESPONSABILIDADE<\/b><\/p><p>4.1. Os materiais no site da Etraveler-elementor s\u00e3o fornecidos \u201ccomo est\u00e3o\u201d. A Etraveler-elementor n\u00e3o oferece garantias, expressas ou impl\u00edcitas, e, por meio deste, isenta e nega todas as outras garantias, incluindo, sem<br \/>limita\u00e7\u00e3o, garantias impl\u00edcitas ou condi\u00e7\u00f5es de comercializa\u00e7\u00e3o, adequa\u00e7\u00e3o a uma finalidade espec\u00edfica ou n\u00e3o viola\u00e7\u00e3o de propriedade intelectual ou outra viola\u00e7\u00e3o de direitos. Al\u00e9m disso, a Etraveler-elementor n\u00e3o garante ou faz qualquer declara\u00e7\u00e3o com rela\u00e7\u00e3o \u00e0 precis\u00e3o, aos resultados prov\u00e1veis ou \u00e0 confiabilidade do uso dos materiais em seu site ou de outra forma relacionados a esses materiais ou em<br \/>quaisquer sites vinculados a este site.<\/p><p>4.2. As operadoras de rede nos pa\u00edses podem ser alteradas pelo Etraveler-elementor sem aviso pr\u00e9vio.<\/p><p><b>5. LIMITA\u00c7\u00d5ES<\/b><\/p><p>5.1. Em nenhum caso a Etraveler-elementor ou seus fornecedores ser\u00e3o respons\u00e1veis por quaisquer danos (incluindo, sem limita\u00e7\u00e3o, danos por perda de dados ou lucros, ou devido \u00e0 interrup\u00e7\u00e3o dos neg\u00f3cios) decorrentes de<br \/>o uso ou a incapacidade de usar os materiais no site da Etraveler-elementor na Internet, mesmo que a Etraveler-elementor tenha sido notificada oralmente ou por escrito sobre a possibilidade de tais danos.<\/p><p><b>6. REVIS\u00d5ES E ERRATAS<\/b><\/p><p>6.1. Os materiais que aparecem no site da Etraveler-elementor podem incluir erros t\u00e9cnicos, tipogr\u00e1ficos ou fotogr\u00e1ficos. A Etraveler-elementor n\u00e3o garante que nenhum dos materiais em seu site seja<br \/>precisas, completas ou atuais. A Etraveler-elementor pode fazer altera\u00e7\u00f5es nos materiais contidos em seu site a qualquer momento, sem aviso pr\u00e9vio. No entanto, a Etraveler-elementor n\u00e3o se compromete a atualizar os<br \/>materiais.<\/p><p><b>7. LINKS<\/b><\/p><p>7.1. A Etraveler-elementor n\u00e3o analisou todos os sites vinculados ao seu site na Internet e n\u00e3o \u00e9 respons\u00e1vel pelo conte\u00fado de nenhum desses sites vinculados. A inclus\u00e3o de qualquer link n\u00e3o implica<br \/>endosso do site pela Etraveler-elementor. O uso de qualquer site vinculado \u00e9 por conta e risco do usu\u00e1rio.<\/p><p><b>8. LEI E JURISDI\u00c7\u00c3O APLIC\u00c1VEIS<\/b><\/p><p>8.1. Estes Termos dever\u00e3o ser interpretados de acordo com as leis do Estado de Delaware, EUA. Caso as Partes n\u00e3o consigam resolver amigavelmente as controv\u00e9rsias por meio de negocia\u00e7\u00f5es, tais<br \/>As disputas dever\u00e3o ser definitivamente resolvidas por meio de arbitragem no Estado de Delaware, EUA, de acordo com as Regras de Arbitragem do Instituto de Arbitragem da C\u00e2mara de Estocolmo.<br \/>Com\u00e9rcio.<\/p><p><b>9. MODIFICA\u00c7\u00d5ES NOS TERMOS DE USO DO SITE<\/b><\/p><p>9.1. A Etraveler-elementor poder\u00e1 revisar estes termos de uso de seu site a qualquer momento, sem aviso pr\u00e9vio. Ao usar este site, voc\u00ea concorda em ficar vinculado \u00e0 vers\u00e3o ent\u00e3o vigente destes Termos e Condi\u00e7\u00f5es<br \/>de uso.<\/p><p>\u00daltima atualiza\u00e7\u00e3o: 29.07.2024<\/p>\t\t\t\t\t\t\t\t<\/div>\n\t\t\t\t<\/div>\n\t\t\t\t\t<\/div>\n\t\t\t\t<\/div>\n\t\t\t\t<\/div>","protected":false},"excerpt":{"rendered":"<p>Termos e condi\u00e7\u00f5es 1. VALIDADE DOS TERMOS E CONDI\u00c7\u00d5ES GERAIS 1.1. Termos 1.1.1. O site Etraveler-elementor \u00e9 gerenciado e operado pela esimba.ai, com os servi\u00e7os de conectividade sendo fornecidos pela mesma entidade. 1.1.2. Estes termos e condi\u00e7\u00f5es, conforme podem ser alterados periodicamente, aplicam-se a todos os servi\u00e7os prestados pela Etraveler-elementor em rela\u00e7\u00e3o a [...]<\/p>","protected":false},"author":1,"featured_media":0,"parent":0,"menu_order":0,"comment_status":"closed","ping_status":"closed","template":"","meta":{"footnotes":""},"class_list":["post-211","page","type-page","status-publish","hentry"],"yoast_head":"<!-- This site is optimized with the Yoast SEO plugin v27.0 - https:\/\/yoast.com\/product\/yoast-seo-wordpress\/ -->\n<title>Terms and Conditions - Nomadic Wireless | Stay Connected, Wherever You Wander!<\/title>\n<meta name=\"robots\" content=\"index, follow, max-snippet:-1, max-image-preview:large, max-video-preview:-1\" \/>\n<link rel=\"canonical\" href=\"https:\/\/nomadicwireless.com\/pt\/terms-and-conditions-2\/\" \/>\n<meta property=\"og:locale\" content=\"pt_BR\" \/>\n<meta property=\"og:type\" content=\"article\" \/>\n<meta property=\"og:title\" content=\"Terms and Conditions - Nomadic Wireless | Stay Connected, Wherever You Wander!\" \/>\n<meta property=\"og:description\" content=\"Terms and conditions 1. VALIDITY OF GENERAL TERMS AND CONDITIONS 1.1. Terms 1.1.1. The Etraveler-elementor website is managed and operated by esimba.ai, with connectivity services being supplied by the same entity. 1.1.2. These terms and conditions, as may be amended from time to time, shall apply to all services rendered by Etraveler-elementor in connection with [&hellip;]\" \/>\n<meta property=\"og:url\" content=\"https:\/\/nomadicwireless.com\/pt\/terms-and-conditions-2\/\" \/>\n<meta property=\"og:site_name\" content=\"Nomadic Wireless | Stay Connected, Wherever You Wander!\" \/>\n<meta property=\"article:publisher\" content=\"https:\/\/facebook.com\/nomadicwireless\" \/>\n<meta property=\"article:modified_time\" content=\"2025-02-26T14:16:42+00:00\" \/>\n<meta property=\"og:image\" content=\"https:\/\/nomadicwireless.com\/wp-content\/uploads\/2025\/02\/Nomadic-Wireless-Logo.png\" \/>\n\t<meta property=\"og:image:width\" content=\"875\" \/>\n\t<meta property=\"og:image:height\" content=\"575\" \/>\n\t<meta property=\"og:image:type\" content=\"image\/png\" \/>\n<meta name=\"twitter:card\" content=\"summary_large_image\" \/>\n<meta name=\"twitter:site\" content=\"@nomadicwireless\" \/>\n<meta name=\"twitter:label1\" content=\"Est. tempo de leitura\" \/>\n\t<meta name=\"twitter:data1\" content=\"8 minutos\" \/>\n<script type=\"application\/ld+json\" class=\"yoast-schema-graph\">{\"@context\":\"https:\/\/schema.org\",\"@graph\":[{\"@type\":\"WebPage\",\"@id\":\"https:\/\/nomadicwireless.com\/terms-and-conditions-2\/\",\"url\":\"https:\/\/nomadicwireless.com\/terms-and-conditions-2\/\",\"name\":\"Terms and Conditions - Nomadic Wireless | Stay Connected, Wherever You Wander!\",\"isPartOf\":{\"@id\":\"https:\/\/nomadicwireless.com\/#website\"},\"datePublished\":\"2025-02-26T14:16:39+00:00\",\"dateModified\":\"2025-02-26T14:16:42+00:00\",\"breadcrumb\":{\"@id\":\"https:\/\/nomadicwireless.com\/terms-and-conditions-2\/#breadcrumb\"},\"inLanguage\":\"pt-BR\",\"potentialAction\":[{\"@type\":\"ReadAction\",\"target\":[\"https:\/\/nomadicwireless.com\/terms-and-conditions-2\/\"]}]},{\"@type\":\"BreadcrumbList\",\"@id\":\"https:\/\/nomadicwireless.com\/terms-and-conditions-2\/#breadcrumb\",\"itemListElement\":[{\"@type\":\"ListItem\",\"position\":1,\"name\":\"Home\",\"item\":\"https:\/\/nomadicwireless.com\/\"},{\"@type\":\"ListItem\",\"position\":2,\"name\":\"Terms and Conditions\"}]},{\"@type\":\"WebSite\",\"@id\":\"https:\/\/nomadicwireless.com\/#website\",\"url\":\"https:\/\/nomadicwireless.com\/\",\"name\":\"Nomadic Wireless | Stay Connected, Wherever You Wander!\",\"description\":\"Travel eSIMs for Seamless Global Connectivity\",\"publisher\":{\"@id\":\"https:\/\/nomadicwireless.com\/#organization\"},\"potentialAction\":[{\"@type\":\"SearchAction\",\"target\":{\"@type\":\"EntryPoint\",\"urlTemplate\":\"https:\/\/nomadicwireless.com\/?s={search_term_string}\"},\"query-input\":{\"@type\":\"PropertyValueSpecification\",\"valueRequired\":true,\"valueName\":\"search_term_string\"}}],\"inLanguage\":\"pt-BR\"},{\"@type\":\"Organization\",\"@id\":\"https:\/\/nomadicwireless.com\/#organization\",\"name\":\"Nomadic Wireless | Stay Connected, Wherever You Wander!\",\"url\":\"https:\/\/nomadicwireless.com\/\",\"logo\":{\"@type\":\"ImageObject\",\"inLanguage\":\"pt-BR\",\"@id\":\"https:\/\/nomadicwireless.com\/#\/schema\/logo\/image\/\",\"url\":\"https:\/\/nomadicwireless.com\/wp-content\/uploads\/2025\/01\/Nomadic-Wireless-Logo-horizontal-wp.png\",\"contentUrl\":\"https:\/\/nomadicwireless.com\/wp-content\/uploads\/2025\/01\/Nomadic-Wireless-Logo-horizontal-wp.png\",\"width\":251,\"height\":66,\"caption\":\"Nomadic Wireless | Stay Connected, Wherever You Wander!\"},\"image\":{\"@id\":\"https:\/\/nomadicwireless.com\/#\/schema\/logo\/image\/\"},\"sameAs\":[\"https:\/\/facebook.com\/nomadicwireless\",\"https:\/\/x.com\/nomadicwireless\",\"https:\/\/www.instagram.com\/nomadicwireless\",\"https:\/\/www.linkedin.com\/company\/nomadic-wireless\",\"https:\/\/tiktok.com\/@nomadicwireless\",\"https:\/\/threads.com\/@nomadicwireless\"]}]}<\/script>\n<!-- \/ Yoast SEO plugin. -->","yoast_head_json":{"title":"Termos e condi\u00e7\u00f5es - Nomadic Wireless | Fique conectado, onde quer que voc\u00ea v\u00e1!","robots":{"index":"index","follow":"follow","max-snippet":"max-snippet:-1","max-image-preview":"max-image-preview:large","max-video-preview":"max-video-preview:-1"},"canonical":"https:\/\/nomadicwireless.com\/pt\/terms-and-conditions-2\/","og_locale":"pt_BR","og_type":"article","og_title":"Terms and Conditions - Nomadic Wireless | Stay Connected, Wherever You Wander!","og_description":"Terms and conditions 1. VALIDITY OF GENERAL TERMS AND CONDITIONS 1.1. Terms 1.1.1. The Etraveler-elementor website is managed and operated by esimba.ai, with connectivity services being supplied by the same entity. 1.1.2. These terms and conditions, as may be amended from time to time, shall apply to all services rendered by Etraveler-elementor in connection with [&hellip;]","og_url":"https:\/\/nomadicwireless.com\/pt\/terms-and-conditions-2\/","og_site_name":"Nomadic Wireless | Stay Connected, Wherever You Wander!","article_publisher":"https:\/\/facebook.com\/nomadicwireless","article_modified_time":"2025-02-26T14:16:42+00:00","og_image":[{"width":875,"height":575,"url":"https:\/\/nomadicwireless.com\/wp-content\/uploads\/2025\/02\/Nomadic-Wireless-Logo.png","type":"image\/png"}],"twitter_card":"summary_large_image","twitter_site":"@nomadicwireless","twitter_misc":{"Est. tempo de leitura":"8 minutos"},"schema":{"@context":"https:\/\/schema.org","@graph":[{"@type":"WebPage","@id":"https:\/\/nomadicwireless.com\/terms-and-conditions-2\/","url":"https:\/\/nomadicwireless.com\/terms-and-conditions-2\/","name":"Termos e condi\u00e7\u00f5es - Nomadic Wireless | Fique conectado, onde quer que voc\u00ea v\u00e1!","isPartOf":{"@id":"https:\/\/nomadicwireless.com\/#website"},"datePublished":"2025-02-26T14:16:39+00:00","dateModified":"2025-02-26T14:16:42+00:00","breadcrumb":{"@id":"https:\/\/nomadicwireless.com\/terms-and-conditions-2\/#breadcrumb"},"inLanguage":"pt-BR","potentialAction":[{"@type":"ReadAction","target":["https:\/\/nomadicwireless.com\/terms-and-conditions-2\/"]}]},{"@type":"BreadcrumbList","@id":"https:\/\/nomadicwireless.com\/terms-and-conditions-2\/#breadcrumb","itemListElement":[{"@type":"ListItem","position":1,"name":"Home","item":"https:\/\/nomadicwireless.com\/"},{"@type":"ListItem","position":2,"name":"Terms and Conditions"}]},{"@type":"WebSite","@id":"https:\/\/nomadicwireless.com\/#website","url":"https:\/\/nomadicwireless.com\/","name":"Nomadic Wireless | Fique Conectado, Onde Quer Que Voc\u00ea Esteja!","description":"eSIMs de viagem para uma conectividade global perfeita","publisher":{"@id":"https:\/\/nomadicwireless.com\/#organization"},"potentialAction":[{"@type":"SearchAction","target":{"@type":"EntryPoint","urlTemplate":"https:\/\/nomadicwireless.com\/?s={search_term_string}"},"query-input":{"@type":"PropertyValueSpecification","valueRequired":true,"valueName":"search_term_string"}}],"inLanguage":"pt-BR"},{"@type":"Organization","@id":"https:\/\/nomadicwireless.com\/#organization","name":"Nomadic Wireless | Fique Conectado, Onde Quer Que Voc\u00ea Esteja!","url":"https:\/\/nomadicwireless.com\/","logo":{"@type":"ImageObject","inLanguage":"pt-BR","@id":"https:\/\/nomadicwireless.com\/#\/schema\/logo\/image\/","url":"https:\/\/nomadicwireless.com\/wp-content\/uploads\/2025\/01\/Nomadic-Wireless-Logo-horizontal-wp.png","contentUrl":"https:\/\/nomadicwireless.com\/wp-content\/uploads\/2025\/01\/Nomadic-Wireless-Logo-horizontal-wp.png","width":251,"height":66,"caption":"Nomadic Wireless | Stay Connected, Wherever You Wander!"},"image":{"@id":"https:\/\/nomadicwireless.com\/#\/schema\/logo\/image\/"},"sameAs":["https:\/\/facebook.com\/nomadicwireless","https:\/\/x.com\/nomadicwireless","https:\/\/www.instagram.com\/nomadicwireless","https:\/\/www.linkedin.com\/company\/nomadic-wireless","https:\/\/tiktok.com\/@nomadicwireless","https:\/\/threads.com\/@nomadicwireless"]}]}},"_links":{"self":[{"href":"https:\/\/nomadicwireless.com\/pt\/wp-json\/wp\/v2\/pages\/211","targetHints":{"allow":["GET"]}}],"collection":[{"href":"https:\/\/nomadicwireless.com\/pt\/wp-json\/wp\/v2\/pages"}],"about":[{"href":"https:\/\/nomadicwireless.com\/pt\/wp-json\/wp\/v2\/types\/page"}],"author":[{"embeddable":true,"href":"https:\/\/nomadicwireless.com\/pt\/wp-json\/wp\/v2\/users\/1"}],"replies":[{"embeddable":true,"href":"https:\/\/nomadicwireless.com\/pt\/wp-json\/wp\/v2\/comments?post=211"}],"version-history":[{"count":4,"href":"https:\/\/nomadicwireless.com\/pt\/wp-json\/wp\/v2\/pages\/211\/revisions"}],"predecessor-version":[{"id":245,"href":"https:\/\/nomadicwireless.com\/pt\/wp-json\/wp\/v2\/pages\/211\/revisions\/245"}],"wp:attachment":[{"href":"https:\/\/nomadicwireless.com\/pt\/wp-json\/wp\/v2\/media?parent=211"}],"curies":[{"name":"wp","href":"https:\/\/api.w.org\/{rel}","templated":true}]}}