{"id":201,"date":"2025-02-26T14:16:37","date_gmt":"2025-02-26T14:16:37","guid":{"rendered":"https:\/\/staging-nw.nomadicwireless.com\/faqs\/"},"modified":"2025-02-26T14:16:42","modified_gmt":"2025-02-26T14:16:42","slug":"faqs","status":"publish","type":"page","link":"https:\/\/nomadicwireless.com\/fr\/faqs\/","title":{"rendered":"FAQs"},"content":{"rendered":"<div data-elementor-type=\"wp-page\" data-elementor-id=\"201\" class=\"elementor elementor-201\" data-elementor-post-type=\"page\">\n\t\t\t\t<div class=\"elementor-element elementor-element-597000a7 e-flex e-con-boxed e-con e-parent\" data-id=\"597000a7\" data-element_type=\"container\" data-e-type=\"container\">\n\t\t\t\t\t<div class=\"e-con-inner\">\n\t\t\t\t<div class=\"elementor-element elementor-element-2a04fa32 elementor-widget elementor-widget-heading\" data-id=\"2a04fa32\" data-element_type=\"widget\" data-e-type=\"widget\" data-widget_type=\"heading.default\">\n\t\t\t\t<div class=\"elementor-widget-container\">\n\t\t\t\t\t<h2 class=\"elementor-heading-title elementor-size-default\">Des questions\u00a0? Nous avons les r\u00e9ponses.\n<\/h2>\t\t\t\t<\/div>\n\t\t\t\t<\/div>\n\t\t\t\t\t<\/div>\n\t\t\t\t<\/div>\n\t\t<div class=\"elementor-element elementor-element-4c9dd4da e-flex e-con-boxed e-con e-parent\" data-id=\"4c9dd4da\" data-element_type=\"container\" data-e-type=\"container\">\n\t\t\t\t\t<div class=\"e-con-inner\">\n\t\t\t\t<div class=\"elementor-element elementor-element-644f729f elementor-widget elementor-widget-heading\" data-id=\"644f729f\" data-element_type=\"widget\" data-e-type=\"widget\" data-widget_type=\"heading.default\">\n\t\t\t\t<div class=\"elementor-widget-container\">\n\t\t\t\t\t<h2 class=\"elementor-heading-title elementor-size-default\">FAQs<\/h2>\t\t\t\t<\/div>\n\t\t\t\t<\/div>\n\t\t\t\t<div class=\"elementor-element elementor-element-6c7e8299 elementor-widget elementor-widget-shortcode\" data-id=\"6c7e8299\" data-element_type=\"widget\" data-e-type=\"widget\" data-widget_type=\"shortcode.default\">\n\t\t\t\t<div class=\"elementor-widget-container\">\n\t\t\t\t\t\t\t<div class=\"elementor-shortcode\">        <div id=\"faq_list\" data-mode=\"[travel,lifetime]\"><\/div>\n        <\/div>\n\t\t\t\t\t\t<\/div>\n\t\t\t\t<\/div>\n\t\t\t\t\t<\/div>\n\t\t\t\t<\/div>\n\t\t\t\t<\/div>","protected":false},"excerpt":{"rendered":"<p>Got questions? We got answers FAQs<\/p>","protected":false},"author":1,"featured_media":0,"parent":0,"menu_order":0,"comment_status":"closed","ping_status":"closed","template":"","meta":{"footnotes":""},"class_list":["post-201","page","type-page","status-publish","hentry"],"yoast_head":"<!-- This site is optimized with the Yoast SEO plugin v27.0 - https:\/\/yoast.com\/product\/yoast-seo-wordpress\/ -->\n<title>FAQs - Nomadic Wireless | Stay Connected, Wherever You Wander!<\/title>\n<meta name=\"robots\" content=\"index, follow, max-snippet:-1, max-image-preview:large, max-video-preview:-1\" \/>\n<link rel=\"canonical\" href=\"https:\/\/nomadicwireless.com\/fr\/faqs\/\" \/>\n<meta property=\"og:locale\" content=\"fr_FR\" \/>\n<meta property=\"og:type\" content=\"article\" \/>\n<meta property=\"og:title\" content=\"FAQs - Nomadic Wireless | Stay Connected, Wherever You Wander!\" \/>\n<meta property=\"og:description\" content=\"Got questions? We got answers FAQs\" \/>\n<meta property=\"og:url\" content=\"https:\/\/nomadicwireless.com\/fr\/faqs\/\" \/>\n<meta property=\"og:site_name\" content=\"Nomadic Wireless | Stay Connected, Wherever You Wander!\" \/>\n<meta property=\"article:publisher\" content=\"https:\/\/facebook.com\/nomadicwireless\" \/>\n<meta property=\"article:modified_time\" content=\"2025-02-26T14:16:42+00:00\" \/>\n<meta property=\"og:image\" content=\"https:\/\/nomadicwireless.com\/wp-content\/uploads\/2025\/02\/Nomadic-Wireless-Logo.png\" \/>\n\t<meta property=\"og:image:width\" content=\"875\" \/>\n\t<meta property=\"og:image:height\" content=\"575\" \/>\n\t<meta property=\"og:image:type\" content=\"image\/png\" \/>\n<meta name=\"twitter:card\" content=\"summary_large_image\" \/>\n<meta name=\"twitter:site\" content=\"@nomadicwireless\" \/>\n<script type=\"application\/ld+json\" class=\"yoast-schema-graph\">{\"@context\":\"https:\/\/schema.org\",\"@graph\":[{\"@type\":\"WebPage\",\"@id\":\"https:\/\/nomadicwireless.com\/faqs\/\",\"url\":\"https:\/\/nomadicwireless.com\/faqs\/\",\"name\":\"FAQs - Nomadic Wireless | Stay Connected, Wherever You Wander!\",\"isPartOf\":{\"@id\":\"https:\/\/nomadicwireless.com\/#website\"},\"datePublished\":\"2025-02-26T14:16:37+00:00\",\"dateModified\":\"2025-02-26T14:16:42+00:00\",\"breadcrumb\":{\"@id\":\"https:\/\/nomadicwireless.com\/faqs\/#breadcrumb\"},\"inLanguage\":\"fr-FR\",\"potentialAction\":[{\"@type\":\"ReadAction\",\"target\":[\"https:\/\/nomadicwireless.com\/faqs\/\"]}]},{\"@type\":\"BreadcrumbList\",\"@id\":\"https:\/\/nomadicwireless.com\/faqs\/#breadcrumb\",\"itemListElement\":[{\"@type\":\"ListItem\",\"position\":1,\"name\":\"Home\",\"item\":\"https:\/\/nomadicwireless.com\/\"},{\"@type\":\"ListItem\",\"position\":2,\"name\":\"FAQs\"}]},{\"@type\":\"WebSite\",\"@id\":\"https:\/\/nomadicwireless.com\/#website\",\"url\":\"https:\/\/nomadicwireless.com\/\",\"name\":\"Nomadic Wireless | Stay Connected, Wherever You Wander!\",\"description\":\"Travel eSIMs for Seamless Global Connectivity\",\"publisher\":{\"@id\":\"https:\/\/nomadicwireless.com\/#organization\"},\"potentialAction\":[{\"@type\":\"SearchAction\",\"target\":{\"@type\":\"EntryPoint\",\"urlTemplate\":\"https:\/\/nomadicwireless.com\/?s={search_term_string}\"},\"query-input\":{\"@type\":\"PropertyValueSpecification\",\"valueRequired\":true,\"valueName\":\"search_term_string\"}}],\"inLanguage\":\"fr-FR\"},{\"@type\":\"Organization\",\"@id\":\"https:\/\/nomadicwireless.com\/#organization\",\"name\":\"Nomadic Wireless | Stay Connected, Wherever You Wander!\",\"url\":\"https:\/\/nomadicwireless.com\/\",\"logo\":{\"@type\":\"ImageObject\",\"inLanguage\":\"fr-FR\",\"@id\":\"https:\/\/nomadicwireless.com\/#\/schema\/logo\/image\/\",\"url\":\"https:\/\/nomadicwireless.com\/wp-content\/uploads\/2025\/01\/Nomadic-Wireless-Logo-horizontal-wp.png\",\"contentUrl\":\"https:\/\/nomadicwireless.com\/wp-content\/uploads\/2025\/01\/Nomadic-Wireless-Logo-horizontal-wp.png\",\"width\":251,\"height\":66,\"caption\":\"Nomadic Wireless | Stay Connected, Wherever You Wander!\"},\"image\":{\"@id\":\"https:\/\/nomadicwireless.com\/#\/schema\/logo\/image\/\"},\"sameAs\":[\"https:\/\/facebook.com\/nomadicwireless\",\"https:\/\/x.com\/nomadicwireless\",\"https:\/\/www.instagram.com\/nomadicwireless\",\"https:\/\/www.linkedin.com\/company\/nomadic-wireless\",\"https:\/\/tiktok.com\/@nomadicwireless\",\"https:\/\/threads.com\/@nomadicwireless\"]}]}<\/script>\n<!-- \/ Yoast SEO plugin. -->","yoast_head_json":{"title":"FAQs - Nomadic Wireless | Stay Connected, Wherever You Wander!","robots":{"index":"index","follow":"follow","max-snippet":"max-snippet:-1","max-image-preview":"max-image-preview:large","max-video-preview":"max-video-preview:-1"},"canonical":"https:\/\/nomadicwireless.com\/fr\/faqs\/","og_locale":"fr_FR","og_type":"article","og_title":"FAQs - Nomadic Wireless | Stay Connected, Wherever You Wander!","og_description":"Got questions? We got answers FAQs","og_url":"https:\/\/nomadicwireless.com\/fr\/faqs\/","og_site_name":"Nomadic Wireless | Stay Connected, Wherever You Wander!","article_publisher":"https:\/\/facebook.com\/nomadicwireless","article_modified_time":"2025-02-26T14:16:42+00:00","og_image":[{"width":875,"height":575,"url":"https:\/\/nomadicwireless.com\/wp-content\/uploads\/2025\/02\/Nomadic-Wireless-Logo.png","type":"image\/png"}],"twitter_card":"summary_large_image","twitter_site":"@nomadicwireless","schema":{"@context":"https:\/\/schema.org","@graph":[{"@type":"WebPage","@id":"https:\/\/nomadicwireless.com\/faqs\/","url":"https:\/\/nomadicwireless.com\/faqs\/","name":"FAQs - Nomadic Wireless | Stay Connected, Wherever You Wander!","isPartOf":{"@id":"https:\/\/nomadicwireless.com\/#website"},"datePublished":"2025-02-26T14:16:37+00:00","dateModified":"2025-02-26T14:16:42+00:00","breadcrumb":{"@id":"https:\/\/nomadicwireless.com\/faqs\/#breadcrumb"},"inLanguage":"fr-FR","potentialAction":[{"@type":"ReadAction","target":["https:\/\/nomadicwireless.com\/faqs\/"]}]},{"@type":"BreadcrumbList","@id":"https:\/\/nomadicwireless.com\/faqs\/#breadcrumb","itemListElement":[{"@type":"ListItem","position":1,"name":"Home","item":"https:\/\/nomadicwireless.com\/"},{"@type":"ListItem","position":2,"name":"FAQs"}]},{"@type":"WebSite","@id":"https:\/\/nomadicwireless.com\/#website","url":"https:\/\/nomadicwireless.com\/","name":"Nomadic Wireless | Restez Connect\u00e9, O\u00f9 Que Vous Soyez !","description":"Des eSIM de voyage pour une connectivit\u00e9 mondiale sans faille","publisher":{"@id":"https:\/\/nomadicwireless.com\/#organization"},"potentialAction":[{"@type":"SearchAction","target":{"@type":"EntryPoint","urlTemplate":"https:\/\/nomadicwireless.com\/?s={search_term_string}"},"query-input":{"@type":"PropertyValueSpecification","valueRequired":true,"valueName":"search_term_string"}}],"inLanguage":"fr-FR"},{"@type":"Organization","@id":"https:\/\/nomadicwireless.com\/#organization","name":"Nomadic Wireless | Restez Connect\u00e9, O\u00f9 Que Vous Soyez !","url":"https:\/\/nomadicwireless.com\/","logo":{"@type":"ImageObject","inLanguage":"fr-FR","@id":"https:\/\/nomadicwireless.com\/#\/schema\/logo\/image\/","url":"https:\/\/nomadicwireless.com\/wp-content\/uploads\/2025\/01\/Nomadic-Wireless-Logo-horizontal-wp.png","contentUrl":"https:\/\/nomadicwireless.com\/wp-content\/uploads\/2025\/01\/Nomadic-Wireless-Logo-horizontal-wp.png","width":251,"height":66,"caption":"Nomadic Wireless | Stay Connected, Wherever You Wander!"},"image":{"@id":"https:\/\/nomadicwireless.com\/#\/schema\/logo\/image\/"},"sameAs":["https:\/\/facebook.com\/nomadicwireless","https:\/\/x.com\/nomadicwireless","https:\/\/www.instagram.com\/nomadicwireless","https:\/\/www.linkedin.com\/company\/nomadic-wireless","https:\/\/tiktok.com\/@nomadicwireless","https:\/\/threads.com\/@nomadicwireless"]}]}},"_links":{"self":[{"href":"https:\/\/nomadicwireless.com\/fr\/wp-json\/wp\/v2\/pages\/201","targetHints":{"allow":["GET"]}}],"collection":[{"href":"https:\/\/nomadicwireless.com\/fr\/wp-json\/wp\/v2\/pages"}],"about":[{"href":"https:\/\/nomadicwireless.com\/fr\/wp-json\/wp\/v2\/types\/page"}],"author":[{"embeddable":true,"href":"https:\/\/nomadicwireless.com\/fr\/wp-json\/wp\/v2\/users\/1"}],"replies":[{"embeddable":true,"href":"https:\/\/nomadicwireless.com\/fr\/wp-json\/wp\/v2\/comments?post=201"}],"version-history":[{"count":4,"href":"https:\/\/nomadicwireless.com\/fr\/wp-json\/wp\/v2\/pages\/201\/revisions"}],"predecessor-version":[{"id":241,"href":"https:\/\/nomadicwireless.com\/fr\/wp-json\/wp\/v2\/pages\/201\/revisions\/241"}],"wp:attachment":[{"href":"https:\/\/nomadicwireless.com\/fr\/wp-json\/wp\/v2\/media?parent=201"}],"curies":[{"name":"wp","href":"https:\/\/api.w.org\/{rel}","templated":true}]}}