{"id":214,"date":"2025-02-26T14:16:39","date_gmt":"2025-02-26T14:16:39","guid":{"rendered":"https:\/\/staging-nw.nomadicwireless.com\/privacy-policy-2\/"},"modified":"2025-02-26T14:16:42","modified_gmt":"2025-02-26T14:16:42","slug":"privacy-policy-2","status":"publish","type":"page","link":"https:\/\/nomadicwireless.com\/es\/privacy-policy-2\/","title":{"rendered":"Pol\u00edtica de privacidad"},"content":{"rendered":"<div data-elementor-type=\"wp-page\" data-elementor-id=\"214\" class=\"elementor elementor-214\" data-elementor-post-type=\"page\">\n\t\t\t\t<div class=\"elementor-element elementor-element-77a0037f e-flex e-con-boxed e-con e-parent\" data-id=\"77a0037f\" data-element_type=\"container\" data-e-type=\"container\">\n\t\t\t\t\t<div class=\"e-con-inner\">\n\t\t\t\t<div class=\"elementor-element elementor-element-2991adfe elementor-widget elementor-widget-heading\" data-id=\"2991adfe\" data-element_type=\"widget\" data-e-type=\"widget\" data-widget_type=\"heading.default\">\n\t\t\t\t<div class=\"elementor-widget-container\">\n\t\t\t\t\t<h2 class=\"elementor-heading-title elementor-size-default\">Pol\u00edtica de privacidad\n<\/h2>\t\t\t\t<\/div>\n\t\t\t\t<\/div>\n\t\t\t\t<div class=\"elementor-element elementor-element-59249d87 elementor-widget elementor-widget-text-editor\" data-id=\"59249d87\" data-element_type=\"widget\" data-e-type=\"widget\" data-widget_type=\"text-editor.default\">\n\t\t\t\t<div class=\"elementor-widget-container\">\n\t\t\t\t\t\t\t\t\t<p>Esta pol\u00edtica de privacidad describe c\u00f3mo recogemos, utilizamos y protegemos la informaci\u00f3n personal que usted nos proporciona cuando utiliza nuestro sitio web.<\/p>\n<p><b>1. Informaci\u00f3n que recopilamos <\/b>Podemos recopilar los siguientes tipos de informaci\u00f3n personal sobre usted:<\/p>\n<ul>\n<li><i>Informaci\u00f3n de identificaci\u00f3n personal:<\/i> Esto puede incluir su nombre y direcci\u00f3n de correo electr\u00f3nico cuando crea una cuenta o se suscribe a nuestro bolet\u00edn.<\/li>\n<li style=\"font-weight: 400;\" aria-level=\"1\"><i>Informaci\u00f3n sobre el instrumento de pago:<\/i> Todas las transacciones de pago se procesan a trav\u00e9s de un proveedor de pasarela y no se almacenan ni procesan en nuestros servidores.<\/li>\n<li style=\"font-weight: 400;\" aria-level=\"1\"><i>Informaci\u00f3n sensible:<\/i> No procesamos informaci\u00f3n sensible. <b><\/b><\/li>\n<\/ul>\n<p><b>2. Cu\u00e1ndo recopilamos sus datos <\/b>Recopilamos informaci\u00f3n sobre usted cuando se registra en nuestro sitio, realiza un pedido, se suscribe a un bolet\u00edn, rellena un formulario o introduce informaci\u00f3n en nuestro sitio. <b>3. C\u00f3mo utilizamos su informaci\u00f3n <\/b>We may use your personal information for the following purposes:<\/p>\n<ul>\n<li>Para prestar y mantener nuestros servicios.<\/li>\n<li style=\"font-weight: 400;\" aria-level=\"1\">Para procesar sus pedidos y pagos.<\/li>\n<li style=\"font-weight: 400;\" aria-level=\"1\">Para enviarle actualizaciones, boletines y comunicaciones de marketing.<\/li>\n<\/ul>\n<p><b>4. Divulgaci\u00f3n de sus datos <\/b>Nos reservamos el derecho a revelar su informaci\u00f3n personal a terceros en las siguientes circunstancias:<\/p>\n<ul>\n<li style=\"font-weight: 400;\" aria-level=\"1\">Con proveedores de servicios que nos ayudan con el funcionamiento del sitio web, el procesamiento de pagos o el marketing.<\/li>\n<li style=\"font-weight: 400;\" aria-level=\"1\">En cumplimiento de las obligaciones legales aplicables o con el fin de proteger nuestros derechos, privacidad, seguridad o activos.<\/li>\n<\/ul>\n<p><b>5. Cumplimiento del Reglamento general europeo de protecci\u00f3n de datos (RGPD) <\/b><\/p>\n<ul>\n<li>Derecho de acceso. Tiene derecho a solicitar a eTraveler copias de sus datos personales.<\/li>\n<li>The right to erasure. You have the right to request that eTraveler erase your personal data, under certain conditions.<\/li>\n<li>Derecho a restringir el tratamiento. Tiene derecho a solicitar que eTraveler restrinja el tratamiento de sus datos personales, en determinadas condiciones.<\/li>\n<li>Derecho a oponerse al tratamiento. Tiene derecho a oponerse al tratamiento de sus datos personales por parte de eTraveler, en determinadas condiciones.<\/li>\n<li>If you would like to exercise any of these rights, please contact us via email.<\/li>\n<\/ul>\n<p><b>6. California Online Privacy Protection Act Compliance <\/b> CalOPPA es la primera ley estatal del pa\u00eds que obliga a los sitios web comerciales y a los servicios en l\u00ednea a publicar una pol\u00edtica de privacidad. El alcance de la ley se extiende mucho m\u00e1s all\u00e1 de California para exigir a cualquier persona o empresa de Estados Unidos (y posiblemente del mundo) que gestione sitios web que recopilen informaci\u00f3n personal identificable de consumidores californianos que publique en su sitio web una pol\u00edtica de privacidad bien visible en la que se indique exactamente la informaci\u00f3n que se recopila y las personas con las que se comparte, y que cumpla esta pol\u00edtica. - M\u00e1s informaci\u00f3n en: <a href=\"http:\/\/consumercal.org\/california-online-privacy-protection-act-caloppa\/#sthash.0FdRbT51.dpuf\" target=\"_blank\" rel=\"noopener\">http:\/\/consumercal.org\/california-online-privacy-protection-act-caloppa\/#sthash.0FdRbT51.dpuf<\/a> <i>According to CalOPPA we agree to the following:<\/i><\/p>\n<ul>\n<li>Los usuarios pueden visitar nuestro sitio de forma an\u00f3nima.<\/li>\n<li>Los usuarios ser\u00e1n notificados de cualquier cambio en la pol\u00edtica de privacidad en nuestra P\u00e1gina de Pol\u00edtica de Privacidad.<\/li>\n<li>Users can change their personal information:\n<ul>\n<li>by emailing us;<\/li>\n<li>chateando con nuestros representantes del servicio de atenci\u00f3n al cliente.<\/li>\n<\/ul>\n<\/li>\n<\/ul>\n<p>\u00a0<\/p>\n<p><b>7. Sus opciones <\/b>Puede dejar de recibir nuestras comunicaciones comerciales siguiendo las instrucciones para darse de baja que aparecen en nuestros correos electr\u00f3nicos. Puede acceder a su informaci\u00f3n personal y actualizarla accediendo a su cuenta.<\/p>\n<p><b>8. Seguridad de los datos <\/b>eTraveler toma medidas razonables para proteger su informaci\u00f3n personal contra el acceso, la divulgaci\u00f3n o la alteraci\u00f3n no autorizados. Sin embargo, a pesar de nuestras salvaguardas y esfuerzos para asegurar su informaci\u00f3n, ninguna transmisi\u00f3n electr\u00f3nica a trav\u00e9s de Internet o tecnolog\u00eda de almacenamiento de informaci\u00f3n puede ser garantizada como 100% segura, por lo que no podemos prometer o garantizar que los hackers, ciberdelincuentes u otros terceros no autorizados no ser\u00e1n capaces de derrotar nuestra seguridad y recopilar, acceder, robar o modificar indebidamente su informaci\u00f3n. Aunque nos esforzamos por proteger su informaci\u00f3n personal, la transici\u00f3n o la informaci\u00f3n personal hacia y desde nuestros Servicios es bajo su propio riesgo.\u00a0<\/p>\n<p><b>9. Cookies y tecnolog\u00edas de seguimiento <\/b>Utilizamos cookies y tecnolog\u00edas de seguimiento similares para recopilar datos sobre su uso de nuestro sitio web. Puede ajustar la configuraci\u00f3n de su navegador para rechazar las cookies.<\/p>\n<p><b>10. Privacidad de los ni\u00f1os <\/b>Nuestro sitio web no est\u00e1 destinado a personas menores de 18 a\u00f1os. No recopilamos conscientemente informaci\u00f3n personal de menores de 18 a\u00f1os. Al utilizar nuestros servicios, usted declara que tiene al menos 18 a\u00f1os, o que es el padre o tutor de dicho ni\u00f1o o menor. <b><\/b><\/p>\n<p><b>11. Cambios en esta pol\u00edtica de privacidad <\/b>Podemos actualizar esta Pol\u00edtica de Privacidad de vez en cuando. Cualquier cambio ser\u00e1 publicado en esta p\u00e1gina. Si introducimos cambios sustanciales en esta pol\u00edtica de privacidad, se lo notificaremos publicando en un lugar destacado un aviso de dichos cambios o envi\u00e1ndole directamente una notificaci\u00f3n. Le recomendamos que revise esta pol\u00edtica de privacidad con frecuencia para estar informado sobre c\u00f3mo protegemos su informaci\u00f3n.<\/p>\n<p><b>12. Contacto <\/b>Si tiene alguna pregunta sobre esta Pol\u00edtica de privacidad, p\u00f3ngase en contacto con nosotros por correo electr\u00f3nico. \u00daltima modificaci\u00f3n: 22.09.2023<\/p>\t\t\t\t\t\t\t\t<\/div>\n\t\t\t\t<\/div>\n\t\t\t\t\t<\/div>\n\t\t\t\t<\/div>\n\t\t\t\t<\/div>","protected":false},"excerpt":{"rendered":"<p>Pol\u00edtica de privacidad Esta pol\u00edtica de privacidad describe c\u00f3mo recopilamos, utilizamos y protegemos la informaci\u00f3n personal que usted nos proporciona cuando utiliza nuestro sitio web. 1. Informaci\u00f3n que recopilamos Podemos recopilar los siguientes tipos de informaci\u00f3n personal de usted: Informaci\u00f3n de identificaci\u00f3n personal: Esto puede incluir su nombre y direcci\u00f3n de correo electr\u00f3nico cuando crea una cuenta o se suscribe [...]<\/p>","protected":false},"author":1,"featured_media":0,"parent":0,"menu_order":0,"comment_status":"closed","ping_status":"closed","template":"","meta":{"footnotes":""},"class_list":["post-214","page","type-page","status-publish","hentry"],"yoast_head":"<!-- This site is optimized with the Yoast SEO plugin v27.0 - https:\/\/yoast.com\/product\/yoast-seo-wordpress\/ -->\n<title>Privacy Policy - Nomadic Wireless | Stay Connected, Wherever You Wander!<\/title>\n<meta name=\"robots\" content=\"index, follow, max-snippet:-1, max-image-preview:large, max-video-preview:-1\" \/>\n<link rel=\"canonical\" href=\"https:\/\/nomadicwireless.com\/es\/privacy-policy-2\/\" \/>\n<meta property=\"og:locale\" content=\"es_ES\" \/>\n<meta property=\"og:type\" content=\"article\" \/>\n<meta property=\"og:title\" content=\"Privacy Policy - Nomadic Wireless | Stay Connected, Wherever You Wander!\" \/>\n<meta property=\"og:description\" content=\"Privacy Policy This Privacy Policy outlines how we collect, use, and protect the personal information provided by you when using our website. 1. Information We Collect We may collect the following types of personal information from you: Personal Identification Information: This may include your name and email address when you create an account or subscribe [&hellip;]\" \/>\n<meta property=\"og:url\" content=\"https:\/\/nomadicwireless.com\/es\/privacy-policy-2\/\" \/>\n<meta property=\"og:site_name\" content=\"Nomadic Wireless | Stay Connected, Wherever You Wander!\" \/>\n<meta property=\"article:publisher\" content=\"https:\/\/facebook.com\/nomadicwireless\" \/>\n<meta property=\"article:modified_time\" content=\"2025-02-26T14:16:42+00:00\" \/>\n<meta property=\"og:image\" content=\"https:\/\/nomadicwireless.com\/wp-content\/uploads\/2025\/02\/Nomadic-Wireless-Logo.png\" \/>\n\t<meta property=\"og:image:width\" content=\"875\" \/>\n\t<meta property=\"og:image:height\" content=\"575\" \/>\n\t<meta property=\"og:image:type\" content=\"image\/png\" \/>\n<meta name=\"twitter:card\" content=\"summary_large_image\" \/>\n<meta name=\"twitter:site\" content=\"@nomadicwireless\" \/>\n<meta name=\"twitter:label1\" content=\"Tiempo de lectura\" \/>\n\t<meta name=\"twitter:data1\" content=\"4 minutos\" \/>\n<script type=\"application\/ld+json\" class=\"yoast-schema-graph\">{\"@context\":\"https:\/\/schema.org\",\"@graph\":[{\"@type\":\"WebPage\",\"@id\":\"https:\/\/nomadicwireless.com\/privacy-policy-2\/\",\"url\":\"https:\/\/nomadicwireless.com\/privacy-policy-2\/\",\"name\":\"Privacy Policy - Nomadic Wireless | Stay Connected, Wherever You Wander!\",\"isPartOf\":{\"@id\":\"https:\/\/nomadicwireless.com\/#website\"},\"datePublished\":\"2025-02-26T14:16:39+00:00\",\"dateModified\":\"2025-02-26T14:16:42+00:00\",\"breadcrumb\":{\"@id\":\"https:\/\/nomadicwireless.com\/privacy-policy-2\/#breadcrumb\"},\"inLanguage\":\"es\",\"potentialAction\":[{\"@type\":\"ReadAction\",\"target\":[\"https:\/\/nomadicwireless.com\/privacy-policy-2\/\"]}]},{\"@type\":\"BreadcrumbList\",\"@id\":\"https:\/\/nomadicwireless.com\/privacy-policy-2\/#breadcrumb\",\"itemListElement\":[{\"@type\":\"ListItem\",\"position\":1,\"name\":\"Home\",\"item\":\"https:\/\/nomadicwireless.com\/\"},{\"@type\":\"ListItem\",\"position\":2,\"name\":\"Privacy Policy\"}]},{\"@type\":\"WebSite\",\"@id\":\"https:\/\/nomadicwireless.com\/#website\",\"url\":\"https:\/\/nomadicwireless.com\/\",\"name\":\"Nomadic Wireless | Stay Connected, Wherever You Wander!\",\"description\":\"Travel eSIMs for Seamless Global Connectivity\",\"publisher\":{\"@id\":\"https:\/\/nomadicwireless.com\/#organization\"},\"potentialAction\":[{\"@type\":\"SearchAction\",\"target\":{\"@type\":\"EntryPoint\",\"urlTemplate\":\"https:\/\/nomadicwireless.com\/?s={search_term_string}\"},\"query-input\":{\"@type\":\"PropertyValueSpecification\",\"valueRequired\":true,\"valueName\":\"search_term_string\"}}],\"inLanguage\":\"es\"},{\"@type\":\"Organization\",\"@id\":\"https:\/\/nomadicwireless.com\/#organization\",\"name\":\"Nomadic Wireless | Stay Connected, Wherever You Wander!\",\"url\":\"https:\/\/nomadicwireless.com\/\",\"logo\":{\"@type\":\"ImageObject\",\"inLanguage\":\"es\",\"@id\":\"https:\/\/nomadicwireless.com\/#\/schema\/logo\/image\/\",\"url\":\"https:\/\/nomadicwireless.com\/wp-content\/uploads\/2025\/01\/Nomadic-Wireless-Logo-horizontal-wp.png\",\"contentUrl\":\"https:\/\/nomadicwireless.com\/wp-content\/uploads\/2025\/01\/Nomadic-Wireless-Logo-horizontal-wp.png\",\"width\":251,\"height\":66,\"caption\":\"Nomadic Wireless | Stay Connected, Wherever You Wander!\"},\"image\":{\"@id\":\"https:\/\/nomadicwireless.com\/#\/schema\/logo\/image\/\"},\"sameAs\":[\"https:\/\/facebook.com\/nomadicwireless\",\"https:\/\/x.com\/nomadicwireless\",\"https:\/\/www.instagram.com\/nomadicwireless\",\"https:\/\/www.linkedin.com\/company\/nomadic-wireless\",\"https:\/\/tiktok.com\/@nomadicwireless\",\"https:\/\/threads.com\/@nomadicwireless\"]}]}<\/script>\n<!-- \/ Yoast SEO plugin. -->","yoast_head_json":{"title":"Privacy Policy - Nomadic Wireless | Stay Connected, Wherever You Wander!","robots":{"index":"index","follow":"follow","max-snippet":"max-snippet:-1","max-image-preview":"max-image-preview:large","max-video-preview":"max-video-preview:-1"},"canonical":"https:\/\/nomadicwireless.com\/es\/privacy-policy-2\/","og_locale":"es_ES","og_type":"article","og_title":"Privacy Policy - Nomadic Wireless | Stay Connected, Wherever You Wander!","og_description":"Privacy Policy This Privacy Policy outlines how we collect, use, and protect the personal information provided by you when using our website. 1. Information We Collect We may collect the following types of personal information from you: Personal Identification Information: This may include your name and email address when you create an account or subscribe [&hellip;]","og_url":"https:\/\/nomadicwireless.com\/es\/privacy-policy-2\/","og_site_name":"Nomadic Wireless | Stay Connected, Wherever You Wander!","article_publisher":"https:\/\/facebook.com\/nomadicwireless","article_modified_time":"2025-02-26T14:16:42+00:00","og_image":[{"width":875,"height":575,"url":"https:\/\/nomadicwireless.com\/wp-content\/uploads\/2025\/02\/Nomadic-Wireless-Logo.png","type":"image\/png"}],"twitter_card":"summary_large_image","twitter_site":"@nomadicwireless","twitter_misc":{"Tiempo de lectura":"4 minutos"},"schema":{"@context":"https:\/\/schema.org","@graph":[{"@type":"WebPage","@id":"https:\/\/nomadicwireless.com\/privacy-policy-2\/","url":"https:\/\/nomadicwireless.com\/privacy-policy-2\/","name":"Privacy Policy - Nomadic Wireless | Stay Connected, Wherever You Wander!","isPartOf":{"@id":"https:\/\/nomadicwireless.com\/#website"},"datePublished":"2025-02-26T14:16:39+00:00","dateModified":"2025-02-26T14:16:42+00:00","breadcrumb":{"@id":"https:\/\/nomadicwireless.com\/privacy-policy-2\/#breadcrumb"},"inLanguage":"es","potentialAction":[{"@type":"ReadAction","target":["https:\/\/nomadicwireless.com\/privacy-policy-2\/"]}]},{"@type":"BreadcrumbList","@id":"https:\/\/nomadicwireless.com\/privacy-policy-2\/#breadcrumb","itemListElement":[{"@type":"ListItem","position":1,"name":"Home","item":"https:\/\/nomadicwireless.com\/"},{"@type":"ListItem","position":2,"name":"Privacy Policy"}]},{"@type":"WebSite","@id":"https:\/\/nomadicwireless.com\/#website","url":"https:\/\/nomadicwireless.com\/","name":"Nomadic Wireless | Permanezca Conectado, \u00a1Dondequiera Que Vaya!","description":"eSIM de viaje para una conectividad mundial sin fisuras","publisher":{"@id":"https:\/\/nomadicwireless.com\/#organization"},"potentialAction":[{"@type":"SearchAction","target":{"@type":"EntryPoint","urlTemplate":"https:\/\/nomadicwireless.com\/?s={search_term_string}"},"query-input":{"@type":"PropertyValueSpecification","valueRequired":true,"valueName":"search_term_string"}}],"inLanguage":"es"},{"@type":"Organization","@id":"https:\/\/nomadicwireless.com\/#organization","name":"Nomadic Wireless | Permanezca Conectado, \u00a1Dondequiera Que Vaya!","url":"https:\/\/nomadicwireless.com\/","logo":{"@type":"ImageObject","inLanguage":"es","@id":"https:\/\/nomadicwireless.com\/#\/schema\/logo\/image\/","url":"https:\/\/nomadicwireless.com\/wp-content\/uploads\/2025\/01\/Nomadic-Wireless-Logo-horizontal-wp.png","contentUrl":"https:\/\/nomadicwireless.com\/wp-content\/uploads\/2025\/01\/Nomadic-Wireless-Logo-horizontal-wp.png","width":251,"height":66,"caption":"Nomadic Wireless | Stay Connected, Wherever You Wander!"},"image":{"@id":"https:\/\/nomadicwireless.com\/#\/schema\/logo\/image\/"},"sameAs":["https:\/\/facebook.com\/nomadicwireless","https:\/\/x.com\/nomadicwireless","https:\/\/www.instagram.com\/nomadicwireless","https:\/\/www.linkedin.com\/company\/nomadic-wireless","https:\/\/tiktok.com\/@nomadicwireless","https:\/\/threads.com\/@nomadicwireless"]}]}},"_links":{"self":[{"href":"https:\/\/nomadicwireless.com\/es\/wp-json\/wp\/v2\/pages\/214","targetHints":{"allow":["GET"]}}],"collection":[{"href":"https:\/\/nomadicwireless.com\/es\/wp-json\/wp\/v2\/pages"}],"about":[{"href":"https:\/\/nomadicwireless.com\/es\/wp-json\/wp\/v2\/types\/page"}],"author":[{"embeddable":true,"href":"https:\/\/nomadicwireless.com\/es\/wp-json\/wp\/v2\/users\/1"}],"replies":[{"embeddable":true,"href":"https:\/\/nomadicwireless.com\/es\/wp-json\/wp\/v2\/comments?post=214"}],"version-history":[{"count":4,"href":"https:\/\/nomadicwireless.com\/es\/wp-json\/wp\/v2\/pages\/214\/revisions"}],"predecessor-version":[{"id":247,"href":"https:\/\/nomadicwireless.com\/es\/wp-json\/wp\/v2\/pages\/214\/revisions\/247"}],"wp:attachment":[{"href":"https:\/\/nomadicwireless.com\/es\/wp-json\/wp\/v2\/media?parent=214"}],"curies":[{"name":"wp","href":"https:\/\/api.w.org\/{rel}","templated":true}]}}