{"id":211,"date":"2025-02-26T14:16:39","date_gmt":"2025-02-26T14:16:39","guid":{"rendered":"https:\/\/staging-nw.nomadicwireless.com\/terms-and-conditions-2\/"},"modified":"2025-02-26T14:16:42","modified_gmt":"2025-02-26T14:16:42","slug":"terms-and-conditions-2","status":"publish","type":"page","link":"https:\/\/nomadicwireless.com\/es\/terms-and-conditions-2\/","title":{"rendered":"Condiciones generales"},"content":{"rendered":"<div data-elementor-type=\"wp-page\" data-elementor-id=\"211\" class=\"elementor elementor-211\" data-elementor-post-type=\"page\">\n\t\t\t\t<div class=\"elementor-element elementor-element-2374a4ad e-flex e-con-boxed e-con e-parent\" data-id=\"2374a4ad\" data-element_type=\"container\" data-e-type=\"container\">\n\t\t\t\t\t<div class=\"e-con-inner\">\n\t\t\t\t<div class=\"elementor-element elementor-element-191ac5b6 elementor-widget elementor-widget-heading\" data-id=\"191ac5b6\" data-element_type=\"widget\" data-e-type=\"widget\" data-widget_type=\"heading.default\">\n\t\t\t\t<div class=\"elementor-widget-container\">\n\t\t\t\t\t<h2 class=\"elementor-heading-title elementor-size-default\">Condiciones generales<\/h2>\t\t\t\t<\/div>\n\t\t\t\t<\/div>\n\t\t\t\t<div class=\"elementor-element elementor-element-76f76635 elementor-widget elementor-widget-text-editor\" data-id=\"76f76635\" data-element_type=\"widget\" data-e-type=\"widget\" data-widget_type=\"text-editor.default\">\n\t\t\t\t<div class=\"elementor-widget-container\">\n\t\t\t\t\t\t\t\t\t<p><b>1. VALIDEZ DE LAS CONDICIONES GENERALES<\/b><\/p><p><b>1.1. T\u00e9rminos<\/b><\/p><p>1.1.1. El sitio web Etraveler-elementor est\u00e1 gestionado y operado por esimba.ai, y los servicios de conectividad son suministrados por la misma entidad.<\/p><p>1.1.2. Los presentes t\u00e9rminos y condiciones, en su versi\u00f3n modificada, se aplicar\u00e1n a todos los servicios prestados por Etraveler-elementor en relaci\u00f3n con el suministro de perfiles eSIM de prepago a los Clientes.<br \/>Al acceder, navegar y utilizar nuestro sitio web o cualquiera de nuestras aplicaciones a trav\u00e9s de cualquier plataforma (en lo sucesivo denominados colectivamente el \u201csitio web\u201d) y\/o al completar un pedido, usted<br \/>reconoce y acepta haber le\u00eddo, comprendido y aceptado las condiciones expuestas a continuaci\u00f3n y la declaraci\u00f3n de privacidad.<\/p><p>1.1.3. Las ofertas especiales a trav\u00e9s de diversos socios comerciales pueden incorporar t\u00e9rminos y condiciones adicionales o variados. En tales circunstancias, prevalecer\u00e1n dichos t\u00e9rminos y condiciones especiales.<\/p><p><b>1.2. Registro y contabilidad<\/b><\/p><p>1.2.1. El cliente puede ser obligado a crear una cuenta para utilizar los servicios de Etraveler-elementor. El cliente se compromete a proporcionar informaci\u00f3n precisa durante el registro.<\/p><p>1.2.2. Los clientes son responsables de mantener la confidencialidad de la informaci\u00f3n de su cuenta y de todas las actividades que se produzcan en su cuenta.<\/p><p><b>1.3. Privacidad<\/b><\/p><p>1.3.1. Nuestra Pol\u00edtica de Privacidad rige la recogida y uso de la informaci\u00f3n personal del Cliente. Al utilizar nuestros servicios, el Cliente acepta nuestra Pol\u00edtica de Privacidad.<\/p><p><b>1.4. Rescisi\u00f3n y suspensi\u00f3n<\/b><\/p><p>1.4.1. Etraveler-elementor se reserva el derecho de suspender o terminar el acceso a los servicios sin previo aviso en cualquier momento debido a la ocurrencia de un evento derivado de la ca\u00edda de la red o el cese de.<br \/>provisi\u00f3n de mantenimiento.<\/p><p>1.4.2. En el uso de los Servicios prestados por Etraveler-elementor, el Cliente no debe realizar ninguna acci\u00f3n abusiva, ilegal o fraudulenta, ni emprender ninguna acci\u00f3n que pueda perjudicar o da\u00f1ar la Red. Cuando<br \/>el Cliente incumple esta obligaci\u00f3n, Etraveler-elementos podr\u00e1 suspender el uso del Servicio por parte del Cliente.<\/p><p>1.4.3. Todos los paquetes ofrecidos por Etraveler-elementor est\u00e1n destinados exclusivamente al uso por parte de Clientes humanos. Estos paquetes no deben ser utilizados dentro de ning\u00fan sistema automatizado. En situaciones en las que el uso dentro de<br \/>sistemas automatizados o por entidades no humanas, el Cliente deber\u00e1 ponerse en contacto con el Servicio de Atenci\u00f3n al Cliente y solicitar paquetes especiales. Cualquier violaci\u00f3n de esta restricci\u00f3n de uso puede dar lugar a la<br \/>rescisi\u00f3n del acuerdo.<\/p><p><b>1.5. Pol\u00edticas y directrices de reembolso y cancelaci\u00f3n<\/b><\/p><p>1.5.1. Los clientes pueden solicitar el reembolso en cualquier momento. La mayor\u00eda de los problemas pueden resolverse por correo electr\u00f3nico.<\/p><p>1.5.2. Una vez procesado el reembolso, puede tardar entre 5 y 10 d\u00edas laborables en aparecer en el extracto de la tarjeta de pago del Cliente (si el pago se realiz\u00f3 mediante tarjeta de cr\u00e9dito). A trav\u00e9s de PayPal, tarda<br \/>varios minutos despu\u00e9s de efectuar el reembolso. Los reembolsos se emiten al mismo m\u00e9todo de pago (es decir, tarjeta de cr\u00e9dito o PayPal) utilizado para realizar la compra.<\/p><p>1.5.3. Todos los reembolsos (excepto los pagos criptogr\u00e1ficos) est\u00e1n sujetos a una tasa 10% debido a los gastos de la tarjeta de cr\u00e9dito y otros sistemas de pago y los recursos de procesamiento necesarios para proporcionar un producto y luego cancelar...<br \/>y emitir un reembolso.<\/p><p>1.5.4. Etraveler-elementor podr\u00e1 ofrecer datos en una cantidad igual a lo que el Cliente pag\u00f3 por cualquier compra accidental.<\/p><p>1.5.5. Las recargas no son reembolsables.<\/p><p>1.5.6. Etraveler-elementor se reserva el derecho de poner fin a los servicios en cualquier momento. En tales casos, no se efectuar\u00e1n reembolsos.<\/p><p>1.5.7. Los pagos criptogr\u00e1ficos no son reembolsables.<\/p><p>1.5.8. Redes soportadas para cripto pagos: Ethereum, Tron, BNB Smart Chain, Avalanche C-Chain, Solana, Polygon, Arbitrum One.<\/p><p>1.5.9. Criptomonedas compatibles: \u2018USDT (TRC20)\u2019, \u2018BTC\u2019, \u2018DAI\u2019, \u2018AXS (ERC20)\u2019, \u2018DASH\u2019, \u2018DOGE\u2019, \u2018ETH\u2019, \u2018LTC\u2019, \u2018TUSD (ERC20)\u2019, \u2018USDC (ERC20)\u2019, \u2018USDT (ERC20)\u2019, \u2018XRP\u2019, \u2018TRX\u2019, \u2018AXS (TRC20)\u2019, \u2018HT'.<br \/>(TRC20)\u2019, \u2018ETH (TRC20)\u2019, \u2018ETH (BEP20)\u2019, \u2018DAI (BEP20)\u2019, \u2018USDT (BEP20)\u2019, \u2018DESU (BEP20)\u2019, \u2018ADA (BEP20)\u2019, \u2018USDC (BEP20)\u2019, \u2018BTCB (BEP20)\u2019, \u2018CSC\u2019. Tenga en cuenta que existe un l\u00edmite m\u00ednimo para el<br \/>pago por cada criptomoneda.<\/p><p><b>2. PROGRAMA DE AFILIADOS<\/b><\/p><p>2.1. Al unirse al Programa de Afiliaci\u00f3n de Etraveler-elementor, el Socio Afiliado recomendar\u00e1 a sus usuarios los productos eSIM de Etraveler-elementor a trav\u00e9s de su enlace \u00fanico de afiliaci\u00f3n.<\/p><p>2.2. El enlace de afiliado \u00fanico debe utilizarse para realizar un seguimiento de las ventas y asignar las comisiones en consecuencia.<\/p><p>2.3. El socio afiliado obtendr\u00e1 una comisi\u00f3n de los ingresos netos generados por las compras realizadas a trav\u00e9s de su enlace de afiliado. Los socios deben acumular un m\u00ednimo de 25 USD en comisiones<br \/>antes de que se efect\u00fae un pago. Si el saldo de comisiones es inferior a 25 USD, el importe se trasladar\u00e1 al mes siguiente.<\/p><p>2.4. Las comisiones se pagan durante la primera semana de cada mes a trav\u00e9s de transferencia bancaria, Crypto Wallet, enlace de tarjeta de cr\u00e9dito o Paypal.<\/p><p>2.5. Los usuarios que adquieran productos eSIM o recarguen sus productos eSIM recibir\u00e1n un descuento al pasar por caja.<\/p><p>2.6. Etraveler-elementor se reserva el derecho de modificar los t\u00e9rminos y condiciones del Programa de Afiliados en cualquier momento. Dichas modificaciones ser\u00e1n comunicadas al Socio Afiliado por escrito a<br \/>al menos cinco d\u00edas antes de su aplicaci\u00f3n.<\/p><p>2.7. Etraveler-elementor se reserva el derecho a poner fin a la participaci\u00f3n del Socio Afiliado en el Programa de Afiliaci\u00f3n en las siguientes condiciones:<br \/>- Si el socio afiliado incumple cualquiera de las cl\u00e1usulas del presente contrato.<br \/>- Si el Socio Afiliado participa en cualquier actividad perjudicial para la marca o el negocio de Etraveler-elementor.<\/p><p>2.8. Para comenzar a participar en el Programa de Afiliados de Etraveler-elementor, el Socio Afiliado deber\u00e1 aceptar la invitaci\u00f3n a unirse a trav\u00e9s del Portal de Afiliados.<\/p><p>2.9. El Socio Afiliado recibir\u00e1 una notificaci\u00f3n por correo electr\u00f3nico de Etraveler-elementor tras la primera compra de producto realizada a trav\u00e9s de su enlace de afiliado.<\/p><p>2.10. El Socio Afiliado puede hacer un seguimiento de sus comisiones en cualquier momento utilizando los informes diarios en l\u00ednea proporcionados por Etraveler-elementor.<\/p><p>2.11. Etraveler-elementor proporciona acceso a una API para que la utilice el Socio Afiliado.<\/p><p>2.12. El Socio Afiliado se compromete a utilizar las herramientas y recursos proporcionados de conformidad con las directrices y pol\u00edticas de Etraveler-elementor. El uso indebido o no autorizado de la Barra de Herramientas de Afiliados, informes,<br \/>o API puede dar lugar a la rescisi\u00f3n del acuerdo de afiliaci\u00f3n.<\/p><p>2.13. Etraveler-elementor proporcionar\u00e1 el soporte t\u00e9cnico y la asistencia necesarios para ayudar al Socio Afiliado a utilizar eficazmente la Barra de Herramientas de Afiliados, acceder a los informes e integrar la API.<\/p><p><b>3. PROGRAMA DE REMISI\u00d3N<\/b><\/p><p>3.1. Al participar en el Programa de Referencia de Etraveler-elementor, el Socio (en lo sucesivo denominado \u201cDefensor\u201d) puede ganar datos gratuitos por cada persona que compre su primer producto Etraveler-elementor<br \/>utilizando el enlace de recomendaci\u00f3n exclusivo del Defensor.<\/p><p>3.2. El Promotor debe crear y compartir su enlace de recomendaci\u00f3n exclusivo por correo electr\u00f3nico, redes sociales, foros u otros canales. El enlace de recomendaci\u00f3n debe ser utilizado por el amigo recomendado para comprar<br \/>eSIM.<\/p><p>3.3. Recompensas para los defensores:<br \/>\u00a0\u00a0a. Cup\u00f3n de datos gratuitos: El Defensor recibir\u00e1 un cup\u00f3n de 3 GB de datos gratuitos, v\u00e1lido de por vida*, aplicable a su l\u00ednea eSIM.<br \/>\u00a0\u00a0b. Condiciones: La recompensa de 3 GB de datos se proporciona cuando un amigo referido utiliza el enlace de referencia para comprar eSIM**.<br \/>\u00a0\u00a0c. Validez del cup\u00f3n: El cup\u00f3n de datos es v\u00e1lido de por vida, siempre que la eSIM se recargue al menos una vez al a\u00f1o.<\/p><p>3.4. Recompensas para amigos recomendados:<br \/>\u00a0\u00a0a. Cup\u00f3n de datos: El amigo referido recibir\u00e1 un cup\u00f3n de 3 GB de datos gratuitos para su eSIM.<br \/>\u00a0\u00a0b. Restricciones del cup\u00f3n: El cup\u00f3n de recomendaci\u00f3n no puede combinarse con ning\u00fan otro cup\u00f3n o descuento. Solo se puede aplicar un cup\u00f3n (de recomendaci\u00f3n o de activaci\u00f3n) a una compra.<\/p><p>3.5. Condiciones para la recompensa por recomendaci\u00f3n:<br \/>a. Compra m\u00ednima: El amigo recomendado debe comprar una nueva l\u00ednea con al menos 1 GB de datos utilizando el enlace de recomendaci\u00f3n.<br \/>b. Emisi\u00f3n de la recompensa: La recompensa se crear\u00e1 en un plazo de 6 horas tras una compra satisfactoria y se enviar\u00e1 por correo electr\u00f3nico en un plazo de 7 d\u00edas. El Defensor debe comprobar su bandeja de entrada utilizando la palabra clave \u201cEtraveler-elementor\u201d si<br \/>no reciben el correo de notificaci\u00f3n.<\/p><p>3.6. Para cualquier problema o asistencia adicional, el Defensor y el amigo remitido pueden ponerse en contacto con el servicio de asistencia de Etraveler-elementor en support@Etraveler-elementor.me.<\/p><p>3.7. El Promotor se compromete a cumplir con los t\u00e9rminos y condiciones del Programa de Referencia de Etraveler-elementor. El mal uso o violaci\u00f3n de estos t\u00e9rminos puede resultar en la descalificaci\u00f3n del programa y<br \/>confiscaci\u00f3n de recompensas.<\/p><p>3.8. Etraveler-elementor se reserva el derecho de modificar los t\u00e9rminos y condiciones del Programa de Referencia en cualquier momento. Dichas modificaciones ser\u00e1n comunicadas al Promotor por escrito con un m\u00ednimo de 5 d\u00edas.<br \/>antes de su aplicaci\u00f3n.<\/p><p><b>4. AVISO LEGAL<\/b><\/p><p>4.1. Los materiales del sitio web de Etraveler-elementor se proporcionan \u201ctal cual\u201d. Etraveler-elementor no ofrece ninguna garant\u00eda, expresa o impl\u00edcita, y por la presente renuncia y niega todas las dem\u00e1s garant\u00edas, incluyendo sin<br \/>limitaci\u00f3n, garant\u00edas impl\u00edcitas o condiciones de comerciabilidad, adecuaci\u00f3n para un prop\u00f3sito particular, o no infracci\u00f3n de la propiedad intelectual u otra violaci\u00f3n de derechos. Adem\u00e1s, Etraveler-elementor no garantiza ni hace ninguna representaci\u00f3n con respecto a la exactitud, los resultados probables, o la fiabilidad de la utilizaci\u00f3n de los materiales en su sitio web o de otro tipo relativa a dichos materiales o en el sitio web de Etraveler-elementor.<br \/>cualquier sitio vinculado a este sitio.<\/p><p>4.2. Los operadores de red de los pa\u00edses podr\u00edan ser modificados por el Etraveler-elementor sin previo aviso.<\/p><p><b>5. LIMITACIONES<\/b><\/p><p>5.1. En ning\u00fan caso Etraveler-elementor o sus proveedores ser\u00e1n responsables de cualquier da\u00f1o (incluyendo, sin limitaci\u00f3n, da\u00f1os por p\u00e9rdida de datos o beneficios, o debido a la interrupci\u00f3n del negocio) que surjan de<br \/>el uso o la imposibilidad de uso de los materiales en el sitio de Internet de Etraveler-elementor, incluso si Etraveler-elementor ha sido notificado oralmente o por escrito de la posibilidad de tales da\u00f1os.<\/p><p><b>6. REVISIONES Y ERRATAS<\/b><\/p><p>6.1. Los materiales que aparecen en el sitio web de Etraveler-elementor podr\u00edan incluir errores t\u00e9cnicos, tipogr\u00e1ficos o fotogr\u00e1ficos. Etraveler-elementor no garantiza que ninguno de los materiales de su sitio web sea<br \/>exacta, completa o actualizada. Etraveler-elementor puede hacer cambios a los materiales contenidos en su sitio web en cualquier momento sin previo aviso. Sin embargo, Etraveler-elementor no se compromete a actualizar los<br \/>materiales.<\/p><p><b>7. ENLACES<\/b><\/p><p>7.1. Etraveler-elementor no ha revisado todos los sitios vinculados a su sitio de Internet y no es responsable de los contenidos de dichos sitios vinculados. La inclusi\u00f3n de cualquier enlace no implica<br \/>Etraveler-elementor no respalda el sitio. El uso de cualquiera de estos sitios web enlazados ser\u00e1 por cuenta y riesgo del usuario.<\/p><p><b>8. LEGISLACI\u00d3N Y JURISDICCI\u00d3N APLICABLES<\/b><\/p><p>8.1. Estas Condiciones se interpretar\u00e1n de conformidad con las leyes del Estado de Delaware, EE.UU.. 8.2. En caso de que las Partes no puedan resolver amistosamente sus controversias mediante negociaciones, dichas<br \/>Las controversias se resolver\u00e1n definitivamente mediante arbitraje en el Estado de Delaware, EE.UU., de conformidad con el Reglamento de Arbitraje del Instituto de Arbitraje de la C\u00e1mara de Comercio de Estocolmo.<br \/>Comercio.<\/p><p><b>9. MODIFICACIONES DE LAS CONDICIONES DE USO DEL SITIO<\/b><\/p><p>9.1. Etraveler-elementor podr\u00e1 revisar estas condiciones de uso de su sitio web en cualquier momento y sin previo aviso. Al utilizar este sitio web, usted acepta que quedar\u00e1 vinculado por la versi\u00f3n vigente en ese momento de estos T\u00e9rminos y Condiciones<br \/>de uso.<\/p><p>\u00daltima actualizaci\u00f3n: 29.07.2024<\/p>\t\t\t\t\t\t\t\t<\/div>\n\t\t\t\t<\/div>\n\t\t\t\t\t<\/div>\n\t\t\t\t<\/div>\n\t\t\t\t<\/div>","protected":false},"excerpt":{"rendered":"<p>1. validez de las condiciones generales VALIDEZ DE LAS CONDICIONES GENERALES 1.1. 1.1. Condiciones generales El sitio web Etraveler-elementor es gestionado y operado por esimba.ai, siendo los servicios de conectividad suministrados por la misma entidad. 1.1.2. Los presentes t\u00e9rminos y condiciones, en su versi\u00f3n modificada, se aplicar\u00e1n a todos los servicios prestados por Etraveler-elementor en relaci\u00f3n con [...].<\/p>","protected":false},"author":1,"featured_media":0,"parent":0,"menu_order":0,"comment_status":"closed","ping_status":"closed","template":"","meta":{"footnotes":""},"class_list":["post-211","page","type-page","status-publish","hentry"],"yoast_head":"<!-- This site is optimized with the Yoast SEO plugin v27.0 - https:\/\/yoast.com\/product\/yoast-seo-wordpress\/ -->\n<title>Terms and Conditions - Nomadic Wireless | Stay Connected, Wherever You Wander!<\/title>\n<meta name=\"robots\" content=\"index, follow, max-snippet:-1, max-image-preview:large, max-video-preview:-1\" \/>\n<link rel=\"canonical\" href=\"https:\/\/nomadicwireless.com\/es\/terms-and-conditions-2\/\" \/>\n<meta property=\"og:locale\" content=\"es_ES\" \/>\n<meta property=\"og:type\" content=\"article\" \/>\n<meta property=\"og:title\" content=\"Terms and Conditions - Nomadic Wireless | Stay Connected, Wherever You Wander!\" \/>\n<meta property=\"og:description\" content=\"Terms and conditions 1. VALIDITY OF GENERAL TERMS AND CONDITIONS 1.1. Terms 1.1.1. The Etraveler-elementor website is managed and operated by esimba.ai, with connectivity services being supplied by the same entity. 1.1.2. These terms and conditions, as may be amended from time to time, shall apply to all services rendered by Etraveler-elementor in connection with [&hellip;]\" \/>\n<meta property=\"og:url\" content=\"https:\/\/nomadicwireless.com\/es\/terms-and-conditions-2\/\" \/>\n<meta property=\"og:site_name\" content=\"Nomadic Wireless | Stay Connected, Wherever You Wander!\" \/>\n<meta property=\"article:publisher\" content=\"https:\/\/facebook.com\/nomadicwireless\" \/>\n<meta property=\"article:modified_time\" content=\"2025-02-26T14:16:42+00:00\" \/>\n<meta property=\"og:image\" content=\"https:\/\/nomadicwireless.com\/wp-content\/uploads\/2025\/02\/Nomadic-Wireless-Logo.png\" \/>\n\t<meta property=\"og:image:width\" content=\"875\" \/>\n\t<meta property=\"og:image:height\" content=\"575\" \/>\n\t<meta property=\"og:image:type\" content=\"image\/png\" \/>\n<meta name=\"twitter:card\" content=\"summary_large_image\" \/>\n<meta name=\"twitter:site\" content=\"@nomadicwireless\" \/>\n<meta name=\"twitter:label1\" content=\"Tiempo de lectura\" \/>\n\t<meta name=\"twitter:data1\" content=\"8 minutos\" \/>\n<script type=\"application\/ld+json\" class=\"yoast-schema-graph\">{\"@context\":\"https:\/\/schema.org\",\"@graph\":[{\"@type\":\"WebPage\",\"@id\":\"https:\/\/nomadicwireless.com\/terms-and-conditions-2\/\",\"url\":\"https:\/\/nomadicwireless.com\/terms-and-conditions-2\/\",\"name\":\"Terms and Conditions - Nomadic Wireless | Stay Connected, Wherever You Wander!\",\"isPartOf\":{\"@id\":\"https:\/\/nomadicwireless.com\/#website\"},\"datePublished\":\"2025-02-26T14:16:39+00:00\",\"dateModified\":\"2025-02-26T14:16:42+00:00\",\"breadcrumb\":{\"@id\":\"https:\/\/nomadicwireless.com\/terms-and-conditions-2\/#breadcrumb\"},\"inLanguage\":\"es\",\"potentialAction\":[{\"@type\":\"ReadAction\",\"target\":[\"https:\/\/nomadicwireless.com\/terms-and-conditions-2\/\"]}]},{\"@type\":\"BreadcrumbList\",\"@id\":\"https:\/\/nomadicwireless.com\/terms-and-conditions-2\/#breadcrumb\",\"itemListElement\":[{\"@type\":\"ListItem\",\"position\":1,\"name\":\"Home\",\"item\":\"https:\/\/nomadicwireless.com\/\"},{\"@type\":\"ListItem\",\"position\":2,\"name\":\"Terms and Conditions\"}]},{\"@type\":\"WebSite\",\"@id\":\"https:\/\/nomadicwireless.com\/#website\",\"url\":\"https:\/\/nomadicwireless.com\/\",\"name\":\"Nomadic Wireless | Stay Connected, Wherever You Wander!\",\"description\":\"Travel eSIMs for Seamless Global Connectivity\",\"publisher\":{\"@id\":\"https:\/\/nomadicwireless.com\/#organization\"},\"potentialAction\":[{\"@type\":\"SearchAction\",\"target\":{\"@type\":\"EntryPoint\",\"urlTemplate\":\"https:\/\/nomadicwireless.com\/?s={search_term_string}\"},\"query-input\":{\"@type\":\"PropertyValueSpecification\",\"valueRequired\":true,\"valueName\":\"search_term_string\"}}],\"inLanguage\":\"es\"},{\"@type\":\"Organization\",\"@id\":\"https:\/\/nomadicwireless.com\/#organization\",\"name\":\"Nomadic Wireless | Stay Connected, Wherever You Wander!\",\"url\":\"https:\/\/nomadicwireless.com\/\",\"logo\":{\"@type\":\"ImageObject\",\"inLanguage\":\"es\",\"@id\":\"https:\/\/nomadicwireless.com\/#\/schema\/logo\/image\/\",\"url\":\"https:\/\/nomadicwireless.com\/wp-content\/uploads\/2025\/01\/Nomadic-Wireless-Logo-horizontal-wp.png\",\"contentUrl\":\"https:\/\/nomadicwireless.com\/wp-content\/uploads\/2025\/01\/Nomadic-Wireless-Logo-horizontal-wp.png\",\"width\":251,\"height\":66,\"caption\":\"Nomadic Wireless | Stay Connected, Wherever You Wander!\"},\"image\":{\"@id\":\"https:\/\/nomadicwireless.com\/#\/schema\/logo\/image\/\"},\"sameAs\":[\"https:\/\/facebook.com\/nomadicwireless\",\"https:\/\/x.com\/nomadicwireless\",\"https:\/\/www.instagram.com\/nomadicwireless\",\"https:\/\/www.linkedin.com\/company\/nomadic-wireless\",\"https:\/\/tiktok.com\/@nomadicwireless\",\"https:\/\/threads.com\/@nomadicwireless\"]}]}<\/script>\n<!-- \/ Yoast SEO plugin. -->","yoast_head_json":{"title":"T\u00e9rminos y condiciones - Nomadic Wireless | Permanezca conectado, \u00a1dondequiera que vaya!","robots":{"index":"index","follow":"follow","max-snippet":"max-snippet:-1","max-image-preview":"max-image-preview:large","max-video-preview":"max-video-preview:-1"},"canonical":"https:\/\/nomadicwireless.com\/es\/terms-and-conditions-2\/","og_locale":"es_ES","og_type":"article","og_title":"Terms and Conditions - Nomadic Wireless | Stay Connected, Wherever You Wander!","og_description":"Terms and conditions 1. VALIDITY OF GENERAL TERMS AND CONDITIONS 1.1. Terms 1.1.1. The Etraveler-elementor website is managed and operated by esimba.ai, with connectivity services being supplied by the same entity. 1.1.2. These terms and conditions, as may be amended from time to time, shall apply to all services rendered by Etraveler-elementor in connection with [&hellip;]","og_url":"https:\/\/nomadicwireless.com\/es\/terms-and-conditions-2\/","og_site_name":"Nomadic Wireless | Stay Connected, Wherever You Wander!","article_publisher":"https:\/\/facebook.com\/nomadicwireless","article_modified_time":"2025-02-26T14:16:42+00:00","og_image":[{"width":875,"height":575,"url":"https:\/\/nomadicwireless.com\/wp-content\/uploads\/2025\/02\/Nomadic-Wireless-Logo.png","type":"image\/png"}],"twitter_card":"summary_large_image","twitter_site":"@nomadicwireless","twitter_misc":{"Tiempo de lectura":"8 minutos"},"schema":{"@context":"https:\/\/schema.org","@graph":[{"@type":"WebPage","@id":"https:\/\/nomadicwireless.com\/terms-and-conditions-2\/","url":"https:\/\/nomadicwireless.com\/terms-and-conditions-2\/","name":"T\u00e9rminos y condiciones - Nomadic Wireless | Permanezca conectado, \u00a1dondequiera que vaya!","isPartOf":{"@id":"https:\/\/nomadicwireless.com\/#website"},"datePublished":"2025-02-26T14:16:39+00:00","dateModified":"2025-02-26T14:16:42+00:00","breadcrumb":{"@id":"https:\/\/nomadicwireless.com\/terms-and-conditions-2\/#breadcrumb"},"inLanguage":"es","potentialAction":[{"@type":"ReadAction","target":["https:\/\/nomadicwireless.com\/terms-and-conditions-2\/"]}]},{"@type":"BreadcrumbList","@id":"https:\/\/nomadicwireless.com\/terms-and-conditions-2\/#breadcrumb","itemListElement":[{"@type":"ListItem","position":1,"name":"Home","item":"https:\/\/nomadicwireless.com\/"},{"@type":"ListItem","position":2,"name":"Terms and Conditions"}]},{"@type":"WebSite","@id":"https:\/\/nomadicwireless.com\/#website","url":"https:\/\/nomadicwireless.com\/","name":"Nomadic Wireless | Permanezca Conectado, \u00a1Dondequiera Que Vaya!","description":"eSIM de viaje para una conectividad mundial sin fisuras","publisher":{"@id":"https:\/\/nomadicwireless.com\/#organization"},"potentialAction":[{"@type":"SearchAction","target":{"@type":"EntryPoint","urlTemplate":"https:\/\/nomadicwireless.com\/?s={search_term_string}"},"query-input":{"@type":"PropertyValueSpecification","valueRequired":true,"valueName":"search_term_string"}}],"inLanguage":"es"},{"@type":"Organization","@id":"https:\/\/nomadicwireless.com\/#organization","name":"Nomadic Wireless | Permanezca Conectado, \u00a1Dondequiera Que Vaya!","url":"https:\/\/nomadicwireless.com\/","logo":{"@type":"ImageObject","inLanguage":"es","@id":"https:\/\/nomadicwireless.com\/#\/schema\/logo\/image\/","url":"https:\/\/nomadicwireless.com\/wp-content\/uploads\/2025\/01\/Nomadic-Wireless-Logo-horizontal-wp.png","contentUrl":"https:\/\/nomadicwireless.com\/wp-content\/uploads\/2025\/01\/Nomadic-Wireless-Logo-horizontal-wp.png","width":251,"height":66,"caption":"Nomadic Wireless | Stay Connected, Wherever You Wander!"},"image":{"@id":"https:\/\/nomadicwireless.com\/#\/schema\/logo\/image\/"},"sameAs":["https:\/\/facebook.com\/nomadicwireless","https:\/\/x.com\/nomadicwireless","https:\/\/www.instagram.com\/nomadicwireless","https:\/\/www.linkedin.com\/company\/nomadic-wireless","https:\/\/tiktok.com\/@nomadicwireless","https:\/\/threads.com\/@nomadicwireless"]}]}},"_links":{"self":[{"href":"https:\/\/nomadicwireless.com\/es\/wp-json\/wp\/v2\/pages\/211","targetHints":{"allow":["GET"]}}],"collection":[{"href":"https:\/\/nomadicwireless.com\/es\/wp-json\/wp\/v2\/pages"}],"about":[{"href":"https:\/\/nomadicwireless.com\/es\/wp-json\/wp\/v2\/types\/page"}],"author":[{"embeddable":true,"href":"https:\/\/nomadicwireless.com\/es\/wp-json\/wp\/v2\/users\/1"}],"replies":[{"embeddable":true,"href":"https:\/\/nomadicwireless.com\/es\/wp-json\/wp\/v2\/comments?post=211"}],"version-history":[{"count":4,"href":"https:\/\/nomadicwireless.com\/es\/wp-json\/wp\/v2\/pages\/211\/revisions"}],"predecessor-version":[{"id":245,"href":"https:\/\/nomadicwireless.com\/es\/wp-json\/wp\/v2\/pages\/211\/revisions\/245"}],"wp:attachment":[{"href":"https:\/\/nomadicwireless.com\/es\/wp-json\/wp\/v2\/media?parent=211"}],"curies":[{"name":"wp","href":"https:\/\/api.w.org\/{rel}","templated":true}]}}