{"id":214,"date":"2025-02-26T14:16:39","date_gmt":"2025-02-26T14:16:39","guid":{"rendered":"https:\/\/staging-nw.nomadicwireless.com\/privacy-policy-2\/"},"modified":"2025-02-26T14:16:42","modified_gmt":"2025-02-26T14:16:42","slug":"privacy-policy-2","status":"publish","type":"page","link":"https:\/\/nomadicwireless.com\/de\/privacy-policy-2\/","title":{"rendered":"Datenschutzbestimmungen"},"content":{"rendered":"<div data-elementor-type=\"wp-page\" data-elementor-id=\"214\" class=\"elementor elementor-214\" data-elementor-post-type=\"page\">\n\t\t\t\t<div class=\"elementor-element elementor-element-77a0037f e-flex e-con-boxed e-con e-parent\" data-id=\"77a0037f\" data-element_type=\"container\" data-e-type=\"container\">\n\t\t\t\t\t<div class=\"e-con-inner\">\n\t\t\t\t<div class=\"elementor-element elementor-element-2991adfe elementor-widget elementor-widget-heading\" data-id=\"2991adfe\" data-element_type=\"widget\" data-e-type=\"widget\" data-widget_type=\"heading.default\">\n\t\t\t\t<div class=\"elementor-widget-container\">\n\t\t\t\t\t<h2 class=\"elementor-heading-title elementor-size-default\">Datenschutzbestimmungen\n<\/h2>\t\t\t\t<\/div>\n\t\t\t\t<\/div>\n\t\t\t\t<div class=\"elementor-element elementor-element-59249d87 elementor-widget elementor-widget-text-editor\" data-id=\"59249d87\" data-element_type=\"widget\" data-e-type=\"widget\" data-widget_type=\"text-editor.default\">\n\t\t\t\t<div class=\"elementor-widget-container\">\n\t\t\t\t\t\t\t\t\t<p>In dieser Datenschutzerkl\u00e4rung wird dargelegt, wie wir die von Ihnen bei der Nutzung unserer Website bereitgestellten pers\u00f6nlichen Daten erfassen, verwenden und sch\u00fctzen.<\/p>\n<p><b>1. Informationen, die wir sammeln <\/b>Wir k\u00f6nnen die folgenden Arten von personenbezogenen Daten von Ihnen erfassen:<\/p>\n<ul>\n<li><i>Informationen zur pers\u00f6nlichen Identifizierung:<\/i> Dazu k\u00f6nnen Ihr Name und Ihre E-Mail-Adresse geh\u00f6ren, wenn Sie ein Konto anlegen oder unseren Newsletter abonnieren.<\/li>\n<li style=\"font-weight: 400;\" aria-level=\"1\"><i>Informationen zum Zahlungsmittel:<\/i> Alle Zahlungstransaktionen werden \u00fcber einen Gateway-Anbieter abgewickelt und nicht auf unseren Servern gespeichert oder verarbeitet.<\/li>\n<li style=\"font-weight: 400;\" aria-level=\"1\"><i>Sensible Informationen:<\/i> Wir verarbeiten keine sensiblen Informationen. <b><\/b><\/li>\n<\/ul>\n<p><b>2. Wann sammeln wir Ihre Informationen? <\/b>Wir sammeln Informationen von Ihnen, wenn Sie sich auf unserer Website registrieren, eine Bestellung aufgeben, einen Newsletter abonnieren, ein Formular ausf\u00fcllen oder Informationen auf unserer Website eingeben. <b>3. Wie verwenden wir Ihre Informationen <\/b>We may use your personal information for the following purposes:<\/p>\n<ul>\n<li>Zur Bereitstellung und Aufrechterhaltung unserer Dienste.<\/li>\n<li style=\"font-weight: 400;\" aria-level=\"1\">Um Ihre Bestellungen und Zahlungen zu bearbeiten.<\/li>\n<li style=\"font-weight: 400;\" aria-level=\"1\">Um Ihnen Aktualisierungen, Newsletter und Marketingmitteilungen zu senden.<\/li>\n<\/ul>\n<p><b>4. Offenlegung Ihrer Informationen <\/b>Wir behalten uns das Recht vor, Ihre pers\u00f6nlichen Daten unter den folgenden Umst\u00e4nden an Dritte weiterzugeben:<\/p>\n<ul>\n<li style=\"font-weight: 400;\" aria-level=\"1\">Mit Dienstleistern, die uns beim Betrieb der Website, bei der Zahlungsabwicklung oder beim Marketing unterst\u00fctzen.<\/li>\n<li style=\"font-weight: 400;\" aria-level=\"1\">In Erf\u00fcllung geltender gesetzlicher Verpflichtungen oder zum Schutz unserer Rechte, unserer Privatsph\u00e4re, unserer Sicherheit oder unseres Verm\u00f6gens.<\/li>\n<\/ul>\n<p><b>5. Einhaltung der Europ\u00e4ischen Datenschutzgrundverordnung (GDPR) <\/b><\/p>\n<ul>\n<li>Das Recht auf Zugang. Sie haben das Recht, von eTraveler Kopien Ihrer personenbezogenen Daten zu verlangen.<\/li>\n<li>The right to erasure. You have the right to request that eTraveler erase your personal data, under certain conditions.<\/li>\n<li>Das Recht auf Einschr\u00e4nkung der Verarbeitung. Sie haben das Recht, von eTraveler zu verlangen, dass die Verarbeitung Ihrer personenbezogenen Daten unter bestimmten Bedingungen eingeschr\u00e4nkt wird.<\/li>\n<li>Das Recht, der Verarbeitung zu widersprechen. Sie haben das Recht, der Verarbeitung Ihrer personenbezogenen Daten durch eTraveler unter bestimmten Bedingungen zu widersprechen.<\/li>\n<li>If you would like to exercise any of these rights, please contact us via email.<\/li>\n<\/ul>\n<p><b>6. California Online Privacy Protection Act Compliance <\/b> CalOPPA ist landesweit das erste Gesetz, das kommerzielle Websites und Online-Dienste dazu verpflichtet, eine Datenschutzrichtlinie zu ver\u00f6ffentlichen. Der Geltungsbereich des Gesetzes geht weit \u00fcber Kalifornien hinaus und verpflichtet Personen oder Unternehmen in den Vereinigten Staaten (und m\u00f6glicherweise weltweit), die Websites betreiben, auf denen personenbezogene Daten von kalifornischen Verbrauchern erfasst werden, dazu, auf ihrer Website eine gut sichtbare Datenschutzerkl\u00e4rung zu ver\u00f6ffentlichen, in der genau angegeben wird, welche Daten erfasst werden und mit welchen Personen sie ausgetauscht werden, und diese Datenschutzerkl\u00e4rung einzuhalten. - Weitere Informationen finden Sie unter: <a href=\"http:\/\/consumercal.org\/california-online-privacy-protection-act-caloppa\/#sthash.0FdRbT51.dpuf\" target=\"_blank\" rel=\"noopener\">http:\/\/consumercal.org\/california-online-privacy-protection-act-caloppa\/#sthash.0FdRbT51.dpuf<\/a> <i>According to CalOPPA we agree to the following:<\/i><\/p>\n<ul>\n<li>Die Nutzer k\u00f6nnen unsere Website anonym besuchen.<\/li>\n<li>Die Nutzer werden \u00fcber \u00c4nderungen der Datenschutzrichtlinien auf unserer Seite Datenschutzrichtlinien informiert.<\/li>\n<li>Users can change their personal information:\n<ul>\n<li>by emailing us;<\/li>\n<li>indem Sie sich mit unseren Kundendienstmitarbeitern unterhalten.<\/li>\n<\/ul>\n<\/li>\n<\/ul>\n<p>\u00a0<\/p>\n<p><b>7. Deine Wahlm\u00f6glichkeiten <\/b>Sie k\u00f6nnen den Erhalt von Marketing-Mitteilungen von uns abbestellen, indem Sie die Anweisungen in unseren E-Mails befolgen, um sich abzumelden. Sie k\u00f6nnen auf Ihre pers\u00f6nlichen Daten zugreifen und diese aktualisieren, indem Sie sich bei Ihrem Konto anmelden.<\/p>\n<p><b>8. Datensicherheit <\/b>eTraveler ergreift angemessene Ma\u00dfnahmen, um Ihre pers\u00f6nlichen Daten vor unbefugtem Zugriff, Offenlegung oder \u00c4nderung zu sch\u00fctzen. Trotz unserer Sicherheitsvorkehrungen und Bem\u00fchungen, Ihre Daten zu sch\u00fctzen, kann jedoch keine elektronische \u00dcbertragung \u00fcber das Internet oder Informationsspeicherungstechnologie als 100% sicher garantiert werden, so dass wir nicht versprechen oder garantieren k\u00f6nnen, dass Hacker, Cyberkriminelle oder andere unbefugte Dritte nicht in der Lage sind, unsere Sicherheit zu \u00fcberwinden und Ihre Daten unrechtm\u00e4\u00dfig zu sammeln, darauf zuzugreifen, zu stehlen oder zu \u00e4ndern. Obwohl wir uns bem\u00fchen, Ihre pers\u00f6nlichen Daten zu sch\u00fctzen, erfolgt der \u00dcbergang oder die \u00dcbermittlung pers\u00f6nlicher Daten zu und von unseren Diensten auf Ihr eigenes Risiko.\u00a0<\/p>\n<p><b>9. Cookies und Tracking-Technologien <\/b>Wir verwenden Cookies und \u00e4hnliche Tracking-Technologien, um Daten \u00fcber Ihre Nutzung unserer Website zu sammeln. Sie k\u00f6nnen Ihren Browser so einstellen, dass er Cookies ablehnt.<\/p>\n<p><b>10. Privatsph\u00e4re der Kinder <\/b>Unsere Website ist nicht f\u00fcr Personen unter 18 Jahren bestimmt. Wir sammeln nicht wissentlich pers\u00f6nliche Daten von Kindern unter 18 Jahren. Durch die Nutzung unserer Dienste versichern Sie, dass Sie mindestens 18 Jahre alt sind, oder dass Sie der Elternteil oder Vormund eines solchen Kindes oder Minderj\u00e4hrigen sind. <b><\/b><\/p>\n<p><b>11. \u00c4nderungen an dieser Datenschutzrichtlinie <\/b>Wir k\u00f6nnen diese Datenschutzrichtlinie von Zeit zu Zeit aktualisieren. Alle \u00c4nderungen werden auf dieser Seite ver\u00f6ffentlicht. Wenn wir wesentliche \u00c4nderungen an dieser Datenschutzerkl\u00e4rung vornehmen, k\u00f6nnen wir Sie entweder durch einen deutlich sichtbaren Hinweis auf diese \u00c4nderungen oder durch direkte Zusendung einer Benachrichtigung informieren. Wir empfehlen Ihnen, diese Datenschutzrichtlinie regelm\u00e4\u00dfig zu lesen, um sich dar\u00fcber zu informieren, wie wir Ihre Daten sch\u00fctzen.<\/p>\n<p><b>12. Kontakt <\/b>Wenn Sie Fragen zu dieser Datenschutzrichtlinie haben, kontaktieren Sie uns bitte per E-Mail. Letzte \u00c4nderung: 22.09.2023<\/p>\t\t\t\t\t\t\t\t<\/div>\n\t\t\t\t<\/div>\n\t\t\t\t\t<\/div>\n\t\t\t\t<\/div>\n\t\t\t\t<\/div>","protected":false},"excerpt":{"rendered":"<p>Datenschutzerkl\u00e4rung In dieser Datenschutzerkl\u00e4rung wird dargelegt, wie wir die von Ihnen bei der Nutzung unserer Website zur Verf\u00fcgung gestellten pers\u00f6nlichen Daten erfassen, verwenden und sch\u00fctzen. 1. Von uns gesammelte Informationen Wir k\u00f6nnen die folgenden Arten von pers\u00f6nlichen Informationen von Ihnen sammeln: Pers\u00f6nliche Identifikationsdaten: Dazu geh\u00f6ren Ihr Name und Ihre E-Mail-Adresse, wenn Sie ein Konto erstellen oder sich anmelden [...]<\/p>","protected":false},"author":1,"featured_media":0,"parent":0,"menu_order":0,"comment_status":"closed","ping_status":"closed","template":"","meta":{"footnotes":""},"class_list":["post-214","page","type-page","status-publish","hentry"],"yoast_head":"<!-- This site is optimized with the Yoast SEO plugin v27.0 - https:\/\/yoast.com\/product\/yoast-seo-wordpress\/ -->\n<title>Privacy Policy - Nomadic Wireless | Stay Connected, Wherever You Wander!<\/title>\n<meta name=\"robots\" content=\"index, follow, max-snippet:-1, max-image-preview:large, max-video-preview:-1\" \/>\n<link rel=\"canonical\" href=\"https:\/\/nomadicwireless.com\/de\/privacy-policy-2\/\" \/>\n<meta property=\"og:locale\" content=\"de_DE\" \/>\n<meta property=\"og:type\" content=\"article\" \/>\n<meta property=\"og:title\" content=\"Privacy Policy - Nomadic Wireless | Stay Connected, Wherever You Wander!\" \/>\n<meta property=\"og:description\" content=\"Privacy Policy This Privacy Policy outlines how we collect, use, and protect the personal information provided by you when using our website. 1. Information We Collect We may collect the following types of personal information from you: Personal Identification Information: This may include your name and email address when you create an account or subscribe [&hellip;]\" \/>\n<meta property=\"og:url\" content=\"https:\/\/nomadicwireless.com\/de\/privacy-policy-2\/\" \/>\n<meta property=\"og:site_name\" content=\"Nomadic Wireless | Stay Connected, Wherever You Wander!\" \/>\n<meta property=\"article:publisher\" content=\"https:\/\/facebook.com\/nomadicwireless\" \/>\n<meta property=\"article:modified_time\" content=\"2025-02-26T14:16:42+00:00\" \/>\n<meta property=\"og:image\" content=\"https:\/\/nomadicwireless.com\/wp-content\/uploads\/2025\/02\/Nomadic-Wireless-Logo.png\" \/>\n\t<meta property=\"og:image:width\" content=\"875\" \/>\n\t<meta property=\"og:image:height\" content=\"575\" \/>\n\t<meta property=\"og:image:type\" content=\"image\/png\" \/>\n<meta name=\"twitter:card\" content=\"summary_large_image\" \/>\n<meta name=\"twitter:site\" content=\"@nomadicwireless\" \/>\n<meta name=\"twitter:label1\" content=\"Gesch\u00e4tzte Lesezeit\" \/>\n\t<meta name=\"twitter:data1\" content=\"4\u00a0Minuten\" \/>\n<script type=\"application\/ld+json\" class=\"yoast-schema-graph\">{\"@context\":\"https:\/\/schema.org\",\"@graph\":[{\"@type\":\"WebPage\",\"@id\":\"https:\/\/nomadicwireless.com\/privacy-policy-2\/\",\"url\":\"https:\/\/nomadicwireless.com\/privacy-policy-2\/\",\"name\":\"Privacy Policy - Nomadic Wireless | Stay Connected, Wherever You Wander!\",\"isPartOf\":{\"@id\":\"https:\/\/nomadicwireless.com\/#website\"},\"datePublished\":\"2025-02-26T14:16:39+00:00\",\"dateModified\":\"2025-02-26T14:16:42+00:00\",\"breadcrumb\":{\"@id\":\"https:\/\/nomadicwireless.com\/privacy-policy-2\/#breadcrumb\"},\"inLanguage\":\"de\",\"potentialAction\":[{\"@type\":\"ReadAction\",\"target\":[\"https:\/\/nomadicwireless.com\/privacy-policy-2\/\"]}]},{\"@type\":\"BreadcrumbList\",\"@id\":\"https:\/\/nomadicwireless.com\/privacy-policy-2\/#breadcrumb\",\"itemListElement\":[{\"@type\":\"ListItem\",\"position\":1,\"name\":\"Home\",\"item\":\"https:\/\/nomadicwireless.com\/\"},{\"@type\":\"ListItem\",\"position\":2,\"name\":\"Privacy Policy\"}]},{\"@type\":\"WebSite\",\"@id\":\"https:\/\/nomadicwireless.com\/#website\",\"url\":\"https:\/\/nomadicwireless.com\/\",\"name\":\"Nomadic Wireless | Stay Connected, Wherever You Wander!\",\"description\":\"Travel eSIMs for Seamless Global Connectivity\",\"publisher\":{\"@id\":\"https:\/\/nomadicwireless.com\/#organization\"},\"potentialAction\":[{\"@type\":\"SearchAction\",\"target\":{\"@type\":\"EntryPoint\",\"urlTemplate\":\"https:\/\/nomadicwireless.com\/?s={search_term_string}\"},\"query-input\":{\"@type\":\"PropertyValueSpecification\",\"valueRequired\":true,\"valueName\":\"search_term_string\"}}],\"inLanguage\":\"de\"},{\"@type\":\"Organization\",\"@id\":\"https:\/\/nomadicwireless.com\/#organization\",\"name\":\"Nomadic Wireless | Stay Connected, Wherever You Wander!\",\"url\":\"https:\/\/nomadicwireless.com\/\",\"logo\":{\"@type\":\"ImageObject\",\"inLanguage\":\"de\",\"@id\":\"https:\/\/nomadicwireless.com\/#\/schema\/logo\/image\/\",\"url\":\"https:\/\/nomadicwireless.com\/wp-content\/uploads\/2025\/01\/Nomadic-Wireless-Logo-horizontal-wp.png\",\"contentUrl\":\"https:\/\/nomadicwireless.com\/wp-content\/uploads\/2025\/01\/Nomadic-Wireless-Logo-horizontal-wp.png\",\"width\":251,\"height\":66,\"caption\":\"Nomadic Wireless | Stay Connected, Wherever You Wander!\"},\"image\":{\"@id\":\"https:\/\/nomadicwireless.com\/#\/schema\/logo\/image\/\"},\"sameAs\":[\"https:\/\/facebook.com\/nomadicwireless\",\"https:\/\/x.com\/nomadicwireless\",\"https:\/\/www.instagram.com\/nomadicwireless\",\"https:\/\/www.linkedin.com\/company\/nomadic-wireless\",\"https:\/\/tiktok.com\/@nomadicwireless\",\"https:\/\/threads.com\/@nomadicwireless\"]}]}<\/script>\n<!-- \/ Yoast SEO plugin. -->","yoast_head_json":{"title":"Privacy Policy - Nomadic Wireless | Stay Connected, Wherever You Wander!","robots":{"index":"index","follow":"follow","max-snippet":"max-snippet:-1","max-image-preview":"max-image-preview:large","max-video-preview":"max-video-preview:-1"},"canonical":"https:\/\/nomadicwireless.com\/de\/privacy-policy-2\/","og_locale":"de_DE","og_type":"article","og_title":"Privacy Policy - Nomadic Wireless | Stay Connected, Wherever You Wander!","og_description":"Privacy Policy This Privacy Policy outlines how we collect, use, and protect the personal information provided by you when using our website. 1. Information We Collect We may collect the following types of personal information from you: Personal Identification Information: This may include your name and email address when you create an account or subscribe [&hellip;]","og_url":"https:\/\/nomadicwireless.com\/de\/privacy-policy-2\/","og_site_name":"Nomadic Wireless | Stay Connected, Wherever You Wander!","article_publisher":"https:\/\/facebook.com\/nomadicwireless","article_modified_time":"2025-02-26T14:16:42+00:00","og_image":[{"width":875,"height":575,"url":"https:\/\/nomadicwireless.com\/wp-content\/uploads\/2025\/02\/Nomadic-Wireless-Logo.png","type":"image\/png"}],"twitter_card":"summary_large_image","twitter_site":"@nomadicwireless","twitter_misc":{"Gesch\u00e4tzte Lesezeit":"4\u00a0Minuten"},"schema":{"@context":"https:\/\/schema.org","@graph":[{"@type":"WebPage","@id":"https:\/\/nomadicwireless.com\/privacy-policy-2\/","url":"https:\/\/nomadicwireless.com\/privacy-policy-2\/","name":"Privacy Policy - Nomadic Wireless | Stay Connected, Wherever You Wander!","isPartOf":{"@id":"https:\/\/nomadicwireless.com\/#website"},"datePublished":"2025-02-26T14:16:39+00:00","dateModified":"2025-02-26T14:16:42+00:00","breadcrumb":{"@id":"https:\/\/nomadicwireless.com\/privacy-policy-2\/#breadcrumb"},"inLanguage":"de","potentialAction":[{"@type":"ReadAction","target":["https:\/\/nomadicwireless.com\/privacy-policy-2\/"]}]},{"@type":"BreadcrumbList","@id":"https:\/\/nomadicwireless.com\/privacy-policy-2\/#breadcrumb","itemListElement":[{"@type":"ListItem","position":1,"name":"Home","item":"https:\/\/nomadicwireless.com\/"},{"@type":"ListItem","position":2,"name":"Privacy Policy"}]},{"@type":"WebSite","@id":"https:\/\/nomadicwireless.com\/#website","url":"https:\/\/nomadicwireless.com\/","name":"Nomadic Wireless | Bleiben Sie in Verbindung, Wo Immer Sie Auch Hingehen!","description":"Reise-eSIMs f\u00fcr nahtlose globale Konnektivit\u00e4t","publisher":{"@id":"https:\/\/nomadicwireless.com\/#organization"},"potentialAction":[{"@type":"SearchAction","target":{"@type":"EntryPoint","urlTemplate":"https:\/\/nomadicwireless.com\/?s={search_term_string}"},"query-input":{"@type":"PropertyValueSpecification","valueRequired":true,"valueName":"search_term_string"}}],"inLanguage":"de"},{"@type":"Organization","@id":"https:\/\/nomadicwireless.com\/#organization","name":"Nomadic Wireless | Bleiben Sie in Verbindung, Wo Immer Sie Auch Hingehen!","url":"https:\/\/nomadicwireless.com\/","logo":{"@type":"ImageObject","inLanguage":"de","@id":"https:\/\/nomadicwireless.com\/#\/schema\/logo\/image\/","url":"https:\/\/nomadicwireless.com\/wp-content\/uploads\/2025\/01\/Nomadic-Wireless-Logo-horizontal-wp.png","contentUrl":"https:\/\/nomadicwireless.com\/wp-content\/uploads\/2025\/01\/Nomadic-Wireless-Logo-horizontal-wp.png","width":251,"height":66,"caption":"Nomadic Wireless | Stay Connected, Wherever You Wander!"},"image":{"@id":"https:\/\/nomadicwireless.com\/#\/schema\/logo\/image\/"},"sameAs":["https:\/\/facebook.com\/nomadicwireless","https:\/\/x.com\/nomadicwireless","https:\/\/www.instagram.com\/nomadicwireless","https:\/\/www.linkedin.com\/company\/nomadic-wireless","https:\/\/tiktok.com\/@nomadicwireless","https:\/\/threads.com\/@nomadicwireless"]}]}},"_links":{"self":[{"href":"https:\/\/nomadicwireless.com\/de\/wp-json\/wp\/v2\/pages\/214","targetHints":{"allow":["GET"]}}],"collection":[{"href":"https:\/\/nomadicwireless.com\/de\/wp-json\/wp\/v2\/pages"}],"about":[{"href":"https:\/\/nomadicwireless.com\/de\/wp-json\/wp\/v2\/types\/page"}],"author":[{"embeddable":true,"href":"https:\/\/nomadicwireless.com\/de\/wp-json\/wp\/v2\/users\/1"}],"replies":[{"embeddable":true,"href":"https:\/\/nomadicwireless.com\/de\/wp-json\/wp\/v2\/comments?post=214"}],"version-history":[{"count":4,"href":"https:\/\/nomadicwireless.com\/de\/wp-json\/wp\/v2\/pages\/214\/revisions"}],"predecessor-version":[{"id":247,"href":"https:\/\/nomadicwireless.com\/de\/wp-json\/wp\/v2\/pages\/214\/revisions\/247"}],"wp:attachment":[{"href":"https:\/\/nomadicwireless.com\/de\/wp-json\/wp\/v2\/media?parent=214"}],"curies":[{"name":"wp","href":"https:\/\/api.w.org\/{rel}","templated":true}]}}