{"id":211,"date":"2025-02-26T14:16:39","date_gmt":"2025-02-26T14:16:39","guid":{"rendered":"https:\/\/staging-nw.nomadicwireless.com\/terms-and-conditions-2\/"},"modified":"2025-02-26T14:16:42","modified_gmt":"2025-02-26T14:16:42","slug":"terms-and-conditions-2","status":"publish","type":"page","link":"https:\/\/nomadicwireless.com\/de\/terms-and-conditions-2\/","title":{"rendered":"Bedingungen und Konditionen"},"content":{"rendered":"<div data-elementor-type=\"wp-page\" data-elementor-id=\"211\" class=\"elementor elementor-211\" data-elementor-post-type=\"page\">\n\t\t\t\t<div class=\"elementor-element elementor-element-2374a4ad e-flex e-con-boxed e-con e-parent\" data-id=\"2374a4ad\" data-element_type=\"container\" data-e-type=\"container\">\n\t\t\t\t\t<div class=\"e-con-inner\">\n\t\t\t\t<div class=\"elementor-element elementor-element-191ac5b6 elementor-widget elementor-widget-heading\" data-id=\"191ac5b6\" data-element_type=\"widget\" data-e-type=\"widget\" data-widget_type=\"heading.default\">\n\t\t\t\t<div class=\"elementor-widget-container\">\n\t\t\t\t\t<h2 class=\"elementor-heading-title elementor-size-default\">Terms and conditions<\/h2>\t\t\t\t<\/div>\n\t\t\t\t<\/div>\n\t\t\t\t<div class=\"elementor-element elementor-element-76f76635 elementor-widget elementor-widget-text-editor\" data-id=\"76f76635\" data-element_type=\"widget\" data-e-type=\"widget\" data-widget_type=\"text-editor.default\">\n\t\t\t\t<div class=\"elementor-widget-container\">\n\t\t\t\t\t\t\t\t\t<p><b>1. VALIDITY OF GENERAL TERMS AND CONDITIONS<\/b><\/p><p><b>1.1. Terms<\/b><\/p><p>1.1.1. The Etraveler-elementor website is managed and operated by esimba.ai, with connectivity services being supplied by the same entity.<\/p><p>1.1.2. These terms and conditions, as may be amended from time to time, shall apply to all services rendered by Etraveler-elementor in connection with the prepaid eSIM profiles provisioning to Clients.<br \/>By accessing, browsing, and using our website or any of our applications through whatever platform (hereafter collectively referred to as the \u201cwebsite\u201d) and\/or by completing an order, you<br \/>acknowledge and agree to have read, understood and agreed to the terms and conditions set out below and the privacy statement.<\/p><p>1.1.3. Special offers through various business partners may incorporate additional or varied terms and conditions. In such circumstances, those special terms and conditions will prevail.<\/p><p><b>1.2. Registration and Accounts<\/b><\/p><p>1.2.1. The \u0421lient may be required to create an account to use the Etraveler-elementor`s services. The \u0421lient agrees to provide accurate information during registration.<\/p><p>1.2.2. Clients are responsible for maintaining the confidentiality of their account information and for all activities that occur under their account.<\/p><p><b>1.3. Privacy<\/b><\/p><p>1.3.1. Our Privacy Policy governs the collection and use of Client\u201cs personal information. By using our services, the Client agrees to our Privacy Policy.<\/p><p><b>1.4. Termination &amp; Suspension<\/b><\/p><p>1.4.1. Etraveler-elementor beh\u00e4lt sich das Recht vor, den Zugang zu den Diensten jederzeit ohne Vorank\u00fcndigung zu unterbrechen oder zu beenden, wenn ein Ereignis eintritt, das sich aus einem Zusammenbruch des Netzes oder der Beendigung der<br \/>Instandhaltungsr\u00fcckstellung.<\/p><p>1.4.2. Bei der Nutzung der von Etraveler-elementor angebotenen Dienste darf der Kunde keine missbr\u00e4uchlichen, illegalen oder betr\u00fcgerischen Handlungen vornehmen oder Handlungen vornehmen, die das Netzwerk beeintr\u00e4chtigen oder besch\u00e4digen k\u00f6nnten. Wenn<br \/>Verst\u00f6\u00dft der Kunde gegen diese Verpflichtung, kann Etraveler-element die Nutzung des Dienstes durch den Kunden aussetzen.<\/p><p>1.4.3. All bundles offered by Etraveler-elementor are intended exclusively for use by human Clients. These bundles must not be utilized within any automated system. In situations where usage within<br \/>automated systems or by non-human entities is requested, the Client must contact Customer Support and request special bundles. Any violation of this usage restriction may lead to the<br \/>Beendigung der Vereinbarung.<\/p><p><b>1.5. Erstattungs- und Stornierungspolitik und -richtlinien<\/b><\/p><p>1.5.1. Erstattungen sind f\u00fcr Kunden jederzeit m\u00f6glich. Die meisten Probleme k\u00f6nnen per E-Mail gel\u00f6st werden.<\/p><p>1.5.2. After the refund is processed it may take 5-10 business days for the refund to show on the Client\u2019s payment card statement (if the payment was made via credit card). Via PayPal, it takes<br \/>several minutes after issuing a refund. Refunds are issued to the same payment method (i.e. credit card or PayPal) used to make the purchase.<\/p><p>1.5.3. All refunds (except crypto payments) are subject to a 10% fee due to credit card and other payment system charges and processing resources required to provide a product and then cancel<br \/>und eine Erstattung vornehmen.<\/p><p>1.5.4. Etraveler-elementor kann Daten in einer H\u00f6he anbieten, die dem entspricht, was der Kunde f\u00fcr eventuelle versehentliche K\u00e4ufe bezahlt hat.<\/p><p>1.5.5. Refills are not refundable.<\/p><p>1.5.6. Etraveler-elementor beh\u00e4lt sich das Recht vor, die Dienstleistungen jederzeit zu beenden. In solchen F\u00e4llen werden keine R\u00fcckerstattungen gew\u00e4hrt.<\/p><p>1.5.7. Krypto-Zahlungen sind nicht erstattungsf\u00e4hig.<\/p><p>1.5.8. Unterst\u00fctzte Netzwerke f\u00fcr Kryptozahlungen: Ethereum, Tron, BNB Smart Chain, Avalanche C-Chain, Solana, Polygon, Arbitrum One.<\/p><p>1.5.9. Unterst\u00fctzte Kryptow\u00e4hrungen: \u2018USDT (TRC20)\u2019, \u2018BTC\u2019, \u2018DAI\u2019, \u2018AXS (ERC20)\u2019, \u2018DASH\u2019, \u2018DOGE\u2019, \u2018ETH\u2019, \u2018LTC\u2019, \u2018TUSD (ERC20)\u2019, \u2018USDC (ERC20)\u2019, \u2018USDT (ERC20)\u2019, \u2018XRP\u2019, \u2018TRX\u2019, \u2018AXS (TRC20)\u2019, \u2018HT<br \/>(TRC20)\u2019, \u2018ETH (TRC20)\u2019, \u2018ETH (BEP20)\u2019, \u2018DAI (BEP20)\u2019, \u2018USDT (BEP20)\u2019, \u2018DESU (BEP20)\u2019, \u2018ADA (BEP20)\u2019, \u2018USDC (BEP20)\u2019, \u2018BTCB (BEP20)\u2019, \u2018CSC\u2019. Bitte beachten Sie, dass es eine Mindestgrenze f\u00fcr die<br \/>Zahlung f\u00fcr jede Kryptow\u00e4hrung.<\/p><p><b>2. PARTNERPROGRAMM<\/b><\/p><p>2.1. Durch die Teilnahme am Etraveler-elementor Affiliate Programm wird der Affiliate Partner seinen Nutzern Etraveler-elementor eSIM Produkte \u00fcber seinen einzigartigen Affiliate Link empfehlen.<\/p><p>2.2. Der eindeutige Partnerlink muss verwendet werden, um Verk\u00e4ufe zu verfolgen und Provisionen entsprechend zuzuweisen.<\/p><p>2.3. Der Affiliate-Partner erh\u00e4lt eine Provision aus den Nettoeinnahmen, die durch K\u00e4ufe \u00fcber seinen Affiliate-Link erzielt werden. Die Partner m\u00fcssen mindestens 25 USD an Provisionen sammeln.<br \/>bevor eine Auszahlung vorgenommen wird. Liegt der Provisionssaldo unter 25 USD, wird der Betrag auf den n\u00e4chsten Monat \u00fcbertragen.<\/p><p>2.4. Provisionen werden in der ersten Woche eines jeden Monats per Bank\u00fcberweisung, Crypto Wallet, Kreditkartenlink oder Paypal ausgezahlt.<\/p><p>2.5. Nutzer, die eSIM-Produkte kaufen oder ihre eSIM-Produkte auff\u00fcllen, erhalten beim Bezahlen einen Rabatt.<\/p><p>2.6. Etraveler-elementor beh\u00e4lt sich das Recht vor, die Bedingungen und Konditionen des Partnerprogramms jederzeit zu \u00e4ndern. Derartige \u00c4nderungen werden dem Affiliate-Partner schriftlich mitgeteilt unter<br \/>mindestens f\u00fcnf Tage vor ihrer Durchf\u00fchrung.<\/p><p>2.7. Etraveler-elementor beh\u00e4lt sich das Recht vor, die Teilnahme des Affiliate-Partners am Partnerprogramm unter den folgenden Bedingungen zu beenden:<br \/>&#8211; If the Affiliate Partner breaches any term of this Agreement.<br \/>&#8211; If the Affiliate Partner engages in any activity that is harmful to Etraveler-elementor\u2019s brand or business.<\/p><p>2.8. To commence participation in the Etraveler-elementor Affiliate Program, the Affiliate Partner must accept the invitation to join via the Affiliate Portal.<\/p><p>2.9. The Affiliate Partner will receive an email notification from Etraveler-elementor upon the first product purchase made through their affiliate link.<\/p><p>2.10. The Affiliate Partner can track their commissions at any time using the online daily reports provided by Etraveler-elementor.<\/p><p>2.11. Etraveler-elementor bietet Zugang zu einer API, die der Affiliate-Partner nutzen kann.<\/p><p>2.12. The Affiliate Partner agrees to use the provided tools and resources in compliance with Etraveler-elementor\u2019s guidelines and policies. Misuse or unauthorized use of the Affiliate Toolbar, reports,<br \/>or API may result in the termination of the affiliate agreement.<\/p><p>2.13. Etraveler-elementor will provide necessary technical support and assistance to help the Affiliate Partner effectively use the Affiliate Toolbar, access reports, and integrate the API.<\/p><p><b>3. REFERRAL PROGRAM<\/b><\/p><p>3.1. By participating in the Etraveler-elementor Referral Program, the Partner (hereinafter referred to as &#8220;Advocate&#8221;) can earn free data for every person who purchases their first Etraveler-elementor product<br \/>using the Advocate&#8217;s unique referral link.<\/p><p>3.2. The Advocate must create and share their unique referral link via email, social media, forums, or other channels. The referral link must be used by the referred friend to purchase<br \/>eSIM.<\/p><p>3.3. Rewards for Advocates:<br \/>\u00a0\u00a0a. Kostenloser Datengutschein: Der Advokat erh\u00e4lt einen lebenslang* g\u00fcltigen Gutschein f\u00fcr 3 GB kostenlose Daten, der f\u00fcr seine eSIM-Leitung gilt.<br \/>\u00a0\u00a0b. Bedingungen: Die 3 GB-Datenpr\u00e4mie wird gew\u00e4hrt, wenn ein geworbener Freund den Empfehlungslink zum Kauf von eSIM** verwendet.<br \/>\u00a0\u00a0c. G\u00fcltigkeit des Coupons: Der Datencoupon ist lebenslang g\u00fcltig, sofern die eSIM mindestens einmal pro Jahr nachgef\u00fcllt wird.<\/p><p>3.4. Belohnungen f\u00fcr geworbene Freunde:<br \/>\u00a0\u00a0a. Daten-Gutschein: Der geworbene Freund erh\u00e4lt einen Coupon f\u00fcr 3 GB kostenlose Daten f\u00fcr seine eSIM.<br \/>\u00a0\u00a0b. Coupon-Beschr\u00e4nkungen: Der Empfehlungsgutschein kann nicht mit anderen Gutscheinen oder Rabatten kombiniert werden. F\u00fcr einen Einkauf kann nur ein Gutschein (Empfehlungs- oder Aktivierungsgutschein) verwendet werden.<\/p><p>3.5. Bedingungen f\u00fcr die Empfehlungspr\u00e4mie:<br \/>a. Mindestkauf: Der geworbene Freund muss \u00fcber den Empfehlungslink einen neuen Anschluss mit einem Datenvolumen von mindestens 1 GB erwerben.<br \/>b. Ausgabe der Pr\u00e4mie: Die Pr\u00e4mie wird innerhalb von 6 Stunden nach einem erfolgreichen Kauf erstellt und innerhalb von 7 Tagen per E-Mail verschickt. Der Advokat sollte seinen Posteingang unter dem Stichwort \u201cEtraveler-elementor\u201d \u00fcberpr\u00fcfen, wenn<br \/>sie die Benachrichtigungsmail nicht erhalten.<\/p><p>3.6. Bei Fragen oder weiterer Unterst\u00fctzung k\u00f6nnen sich der Advokat und der vermittelte Freund an den Etraveler-Elementor-Support wenden: support@Etraveler-elementor.me<\/p><p>3.7. Der Advokat verpflichtet sich, die Bedingungen des Etraveler-elementor Empfehlungsprogramms einzuhalten. Ein Missbrauch oder Versto\u00df gegen diese Bedingungen kann zum Ausschluss aus dem Programm f\u00fchren und<br \/>Verwirkung von Belohnungen.<\/p><p>3.8. Etraveler-elementor reserves the right to modify the terms and conditions of the Referral Program at any time. Any such modifications will be communicated to the Advocate in writing at least 5 days<br \/>prior to their implementation.<\/p><p><b>4. DISCLAIMER<\/b><\/p><p>4.1. The materials on the Etraveler-elementor website are provided \u201cas is\u201d. Etraveler-elementor makes no warranties, expressed or implied, and hereby disclaims and negates all other warranties, including without<br \/>limitation, implied warranties or conditions of merchantability, fitness for a particular purpose, or non-infringement of intellectual property or other violation of rights. Further, Etraveler-elementor does not warrant or make any representations concerning the accuracy, likely results, or reliability of the use of the materials on its website or otherwise relating to such materials or on<br \/>any sites linked to this site.<\/p><p>4.2. Network operators in countries could be changed by the Etraveler-elementor without notice.<\/p><p><b>5. LIMITATIONS<\/b><\/p><p>5.1. In no event shall Etraveler-elementor or its suppliers be liable for any damages (including, without limitation, damages for loss of data or profit, or due to business interruption) arising out of<br \/>the use or inability to use the materials on Etraveler-elementor Internet site, even if Etraveler-elementor has been notified orally or in writing of the possibility of such damage.<\/p><p><b>6. REVISIONS AND ERRATA<\/b><\/p><p>6.1. The materials appearing on the Etraveler-elementor website could include technical, typographical, or photographic errors. Etraveler-elementor does not warrant that any of the materials on its website are<br \/>accurate, complete, or current. Etraveler-elementor may make changes to the materials contained on its website at any time without notice. Etraveler-elementor does not, however, make any commitment to update the<br \/>materials.<\/p><p><b>7. LINKS<\/b><\/p><p>7.1. Etraveler-elementor has not reviewed all the sites linked to its Internet website and is not responsible for the contents of any such linked site. The inclusion of any link does not imply<br \/>Etraveler-elementor billigt die Website nicht. Die Nutzung einer solchen verlinkten Website erfolgt auf eigenes Risiko des Nutzers.<\/p><p><b>8. ANWENDBARES RECHT UND GERICHTSBARKEIT<\/b><\/p><p>8.1. Diese Bedingungen werden in \u00dcbereinstimmung mit den Gesetzen des Staates Delaware, USA, ausgelegt. F\u00fcr den Fall, dass die Parteien nicht in der Lage sind, Streitigkeiten durch Verhandlungen g\u00fctlich beizulegen, sind diese<br \/>Streitigkeiten werden endg\u00fcltig durch ein Schiedsverfahren im Staat Delaware, USA, gem\u00e4\u00df der Schiedsgerichtsordnung des Schiedsgerichtsinstituts der Stockholmer Handelskammer beigelegt.<br \/>Handel.<\/p><p><b>9. \u00c4NDERUNGEN DER NUTZUNGSBEDINGUNGEN DER WEBSITE<\/b><\/p><p>9.1. Etraveler-elementor kann diese Nutzungsbedingungen f\u00fcr seine Website jederzeit und ohne Vorank\u00fcndigung \u00fcberarbeiten. Durch die Nutzung dieser Website erkl\u00e4ren Sie sich mit der jeweils aktuellen Version dieser Bedingungen einverstanden<br \/>der Verwendung.<\/p><p>Zuletzt aktualisiert am: 29.07.2024<\/p>\t\t\t\t\t\t\t\t<\/div>\n\t\t\t\t<\/div>\n\t\t\t\t\t<\/div>\n\t\t\t\t<\/div>\n\t\t\t\t<\/div>","protected":false},"excerpt":{"rendered":"<p>Bedingungen und Konditionen 1. GELTUNG DER ALLGEMEINEN GESCH\u00c4FTSBEDINGUNGEN 1.1. Bedingungen 1.1.1. Die Etraveler-elementor-Website wird von esimba.ai verwaltet und betrieben, wobei die Konnektivit\u00e4tsdienste von der gleichen Einheit bereitgestellt werden. 1.1.2. Diese Bedingungen, die von Zeit zu Zeit ge\u00e4ndert werden k\u00f6nnen, gelten f\u00fcr alle Dienstleistungen, die von Etraveler-elementor in Verbindung mit [...]<\/p>","protected":false},"author":1,"featured_media":0,"parent":0,"menu_order":0,"comment_status":"closed","ping_status":"closed","template":"","meta":{"footnotes":""},"class_list":["post-211","page","type-page","status-publish","hentry"],"yoast_head":"<!-- This site is optimized with the Yoast SEO plugin v27.0 - https:\/\/yoast.com\/product\/yoast-seo-wordpress\/ -->\n<title>Terms and Conditions - Nomadic Wireless | Stay Connected, Wherever You Wander!<\/title>\n<meta name=\"robots\" content=\"index, follow, max-snippet:-1, max-image-preview:large, max-video-preview:-1\" \/>\n<link rel=\"canonical\" href=\"https:\/\/nomadicwireless.com\/de\/terms-and-conditions-2\/\" \/>\n<meta property=\"og:locale\" content=\"de_DE\" \/>\n<meta property=\"og:type\" content=\"article\" \/>\n<meta property=\"og:title\" content=\"Terms and Conditions - Nomadic Wireless | Stay Connected, Wherever You Wander!\" \/>\n<meta property=\"og:description\" content=\"Terms and conditions 1. VALIDITY OF GENERAL TERMS AND CONDITIONS 1.1. Terms 1.1.1. The Etraveler-elementor website is managed and operated by esimba.ai, with connectivity services being supplied by the same entity. 1.1.2. These terms and conditions, as may be amended from time to time, shall apply to all services rendered by Etraveler-elementor in connection with [&hellip;]\" \/>\n<meta property=\"og:url\" content=\"https:\/\/nomadicwireless.com\/de\/terms-and-conditions-2\/\" \/>\n<meta property=\"og:site_name\" content=\"Nomadic Wireless | Stay Connected, Wherever You Wander!\" \/>\n<meta property=\"article:publisher\" content=\"https:\/\/facebook.com\/nomadicwireless\" \/>\n<meta property=\"article:modified_time\" content=\"2025-02-26T14:16:42+00:00\" \/>\n<meta property=\"og:image\" content=\"https:\/\/nomadicwireless.com\/wp-content\/uploads\/2025\/02\/Nomadic-Wireless-Logo.png\" \/>\n\t<meta property=\"og:image:width\" content=\"875\" \/>\n\t<meta property=\"og:image:height\" content=\"575\" \/>\n\t<meta property=\"og:image:type\" content=\"image\/png\" \/>\n<meta name=\"twitter:card\" content=\"summary_large_image\" \/>\n<meta name=\"twitter:site\" content=\"@nomadicwireless\" \/>\n<meta name=\"twitter:label1\" content=\"Gesch\u00e4tzte Lesezeit\" \/>\n\t<meta name=\"twitter:data1\" content=\"8\u00a0Minuten\" \/>\n<script type=\"application\/ld+json\" class=\"yoast-schema-graph\">{\"@context\":\"https:\/\/schema.org\",\"@graph\":[{\"@type\":\"WebPage\",\"@id\":\"https:\/\/nomadicwireless.com\/terms-and-conditions-2\/\",\"url\":\"https:\/\/nomadicwireless.com\/terms-and-conditions-2\/\",\"name\":\"Terms and Conditions - Nomadic Wireless | Stay Connected, Wherever You Wander!\",\"isPartOf\":{\"@id\":\"https:\/\/nomadicwireless.com\/#website\"},\"datePublished\":\"2025-02-26T14:16:39+00:00\",\"dateModified\":\"2025-02-26T14:16:42+00:00\",\"breadcrumb\":{\"@id\":\"https:\/\/nomadicwireless.com\/terms-and-conditions-2\/#breadcrumb\"},\"inLanguage\":\"de\",\"potentialAction\":[{\"@type\":\"ReadAction\",\"target\":[\"https:\/\/nomadicwireless.com\/terms-and-conditions-2\/\"]}]},{\"@type\":\"BreadcrumbList\",\"@id\":\"https:\/\/nomadicwireless.com\/terms-and-conditions-2\/#breadcrumb\",\"itemListElement\":[{\"@type\":\"ListItem\",\"position\":1,\"name\":\"Home\",\"item\":\"https:\/\/nomadicwireless.com\/\"},{\"@type\":\"ListItem\",\"position\":2,\"name\":\"Terms and Conditions\"}]},{\"@type\":\"WebSite\",\"@id\":\"https:\/\/nomadicwireless.com\/#website\",\"url\":\"https:\/\/nomadicwireless.com\/\",\"name\":\"Nomadic Wireless | Stay Connected, Wherever You Wander!\",\"description\":\"Travel eSIMs for Seamless Global Connectivity\",\"publisher\":{\"@id\":\"https:\/\/nomadicwireless.com\/#organization\"},\"potentialAction\":[{\"@type\":\"SearchAction\",\"target\":{\"@type\":\"EntryPoint\",\"urlTemplate\":\"https:\/\/nomadicwireless.com\/?s={search_term_string}\"},\"query-input\":{\"@type\":\"PropertyValueSpecification\",\"valueRequired\":true,\"valueName\":\"search_term_string\"}}],\"inLanguage\":\"de\"},{\"@type\":\"Organization\",\"@id\":\"https:\/\/nomadicwireless.com\/#organization\",\"name\":\"Nomadic Wireless | Stay Connected, Wherever You Wander!\",\"url\":\"https:\/\/nomadicwireless.com\/\",\"logo\":{\"@type\":\"ImageObject\",\"inLanguage\":\"de\",\"@id\":\"https:\/\/nomadicwireless.com\/#\/schema\/logo\/image\/\",\"url\":\"https:\/\/nomadicwireless.com\/wp-content\/uploads\/2025\/01\/Nomadic-Wireless-Logo-horizontal-wp.png\",\"contentUrl\":\"https:\/\/nomadicwireless.com\/wp-content\/uploads\/2025\/01\/Nomadic-Wireless-Logo-horizontal-wp.png\",\"width\":251,\"height\":66,\"caption\":\"Nomadic Wireless | Stay Connected, Wherever You Wander!\"},\"image\":{\"@id\":\"https:\/\/nomadicwireless.com\/#\/schema\/logo\/image\/\"},\"sameAs\":[\"https:\/\/facebook.com\/nomadicwireless\",\"https:\/\/x.com\/nomadicwireless\",\"https:\/\/www.instagram.com\/nomadicwireless\",\"https:\/\/www.linkedin.com\/company\/nomadic-wireless\",\"https:\/\/tiktok.com\/@nomadicwireless\",\"https:\/\/threads.com\/@nomadicwireless\"]}]}<\/script>\n<!-- \/ Yoast SEO plugin. -->","yoast_head_json":{"title":"Terms and Conditions - Nomadic Wireless | Stay Connected, Wherever You Wander!","robots":{"index":"index","follow":"follow","max-snippet":"max-snippet:-1","max-image-preview":"max-image-preview:large","max-video-preview":"max-video-preview:-1"},"canonical":"https:\/\/nomadicwireless.com\/de\/terms-and-conditions-2\/","og_locale":"de_DE","og_type":"article","og_title":"Terms and Conditions - Nomadic Wireless | Stay Connected, Wherever You Wander!","og_description":"Terms and conditions 1. VALIDITY OF GENERAL TERMS AND CONDITIONS 1.1. Terms 1.1.1. The Etraveler-elementor website is managed and operated by esimba.ai, with connectivity services being supplied by the same entity. 1.1.2. These terms and conditions, as may be amended from time to time, shall apply to all services rendered by Etraveler-elementor in connection with [&hellip;]","og_url":"https:\/\/nomadicwireless.com\/de\/terms-and-conditions-2\/","og_site_name":"Nomadic Wireless | Stay Connected, Wherever You Wander!","article_publisher":"https:\/\/facebook.com\/nomadicwireless","article_modified_time":"2025-02-26T14:16:42+00:00","og_image":[{"width":875,"height":575,"url":"https:\/\/nomadicwireless.com\/wp-content\/uploads\/2025\/02\/Nomadic-Wireless-Logo.png","type":"image\/png"}],"twitter_card":"summary_large_image","twitter_site":"@nomadicwireless","twitter_misc":{"Gesch\u00e4tzte Lesezeit":"8\u00a0Minuten"},"schema":{"@context":"https:\/\/schema.org","@graph":[{"@type":"WebPage","@id":"https:\/\/nomadicwireless.com\/terms-and-conditions-2\/","url":"https:\/\/nomadicwireless.com\/terms-and-conditions-2\/","name":"Terms and Conditions - Nomadic Wireless | Stay Connected, Wherever You Wander!","isPartOf":{"@id":"https:\/\/nomadicwireless.com\/#website"},"datePublished":"2025-02-26T14:16:39+00:00","dateModified":"2025-02-26T14:16:42+00:00","breadcrumb":{"@id":"https:\/\/nomadicwireless.com\/terms-and-conditions-2\/#breadcrumb"},"inLanguage":"de","potentialAction":[{"@type":"ReadAction","target":["https:\/\/nomadicwireless.com\/terms-and-conditions-2\/"]}]},{"@type":"BreadcrumbList","@id":"https:\/\/nomadicwireless.com\/terms-and-conditions-2\/#breadcrumb","itemListElement":[{"@type":"ListItem","position":1,"name":"Home","item":"https:\/\/nomadicwireless.com\/"},{"@type":"ListItem","position":2,"name":"Terms and Conditions"}]},{"@type":"WebSite","@id":"https:\/\/nomadicwireless.com\/#website","url":"https:\/\/nomadicwireless.com\/","name":"Nomadic Wireless | Bleiben Sie in Verbindung, Wo Immer Sie Auch Hingehen!","description":"Reise-eSIMs f\u00fcr nahtlose globale Konnektivit\u00e4t","publisher":{"@id":"https:\/\/nomadicwireless.com\/#organization"},"potentialAction":[{"@type":"SearchAction","target":{"@type":"EntryPoint","urlTemplate":"https:\/\/nomadicwireless.com\/?s={search_term_string}"},"query-input":{"@type":"PropertyValueSpecification","valueRequired":true,"valueName":"search_term_string"}}],"inLanguage":"de"},{"@type":"Organization","@id":"https:\/\/nomadicwireless.com\/#organization","name":"Nomadic Wireless | Bleiben Sie in Verbindung, Wo Immer Sie Auch Hingehen!","url":"https:\/\/nomadicwireless.com\/","logo":{"@type":"ImageObject","inLanguage":"de","@id":"https:\/\/nomadicwireless.com\/#\/schema\/logo\/image\/","url":"https:\/\/nomadicwireless.com\/wp-content\/uploads\/2025\/01\/Nomadic-Wireless-Logo-horizontal-wp.png","contentUrl":"https:\/\/nomadicwireless.com\/wp-content\/uploads\/2025\/01\/Nomadic-Wireless-Logo-horizontal-wp.png","width":251,"height":66,"caption":"Nomadic Wireless | Stay Connected, Wherever You Wander!"},"image":{"@id":"https:\/\/nomadicwireless.com\/#\/schema\/logo\/image\/"},"sameAs":["https:\/\/facebook.com\/nomadicwireless","https:\/\/x.com\/nomadicwireless","https:\/\/www.instagram.com\/nomadicwireless","https:\/\/www.linkedin.com\/company\/nomadic-wireless","https:\/\/tiktok.com\/@nomadicwireless","https:\/\/threads.com\/@nomadicwireless"]}]}},"_links":{"self":[{"href":"https:\/\/nomadicwireless.com\/de\/wp-json\/wp\/v2\/pages\/211","targetHints":{"allow":["GET"]}}],"collection":[{"href":"https:\/\/nomadicwireless.com\/de\/wp-json\/wp\/v2\/pages"}],"about":[{"href":"https:\/\/nomadicwireless.com\/de\/wp-json\/wp\/v2\/types\/page"}],"author":[{"embeddable":true,"href":"https:\/\/nomadicwireless.com\/de\/wp-json\/wp\/v2\/users\/1"}],"replies":[{"embeddable":true,"href":"https:\/\/nomadicwireless.com\/de\/wp-json\/wp\/v2\/comments?post=211"}],"version-history":[{"count":4,"href":"https:\/\/nomadicwireless.com\/de\/wp-json\/wp\/v2\/pages\/211\/revisions"}],"predecessor-version":[{"id":245,"href":"https:\/\/nomadicwireless.com\/de\/wp-json\/wp\/v2\/pages\/211\/revisions\/245"}],"wp:attachment":[{"href":"https:\/\/nomadicwireless.com\/de\/wp-json\/wp\/v2\/media?parent=211"}],"curies":[{"name":"wp","href":"https:\/\/api.w.org\/{rel}","templated":true}]}}